{"id":3,"date":"2025-04-05T14:54:38","date_gmt":"2025-04-05T14:54:38","guid":{"rendered":"https:\/\/ensure-project.eu\/?page_id=3"},"modified":"2025-05-07T15:42:56","modified_gmt":"2025-05-07T12:42:56","slug":"privacy-policy","status":"publish","type":"page","link":"https:\/\/ensure-project.eu\/cs\/privacy-policy\/","title":{"rendered":"Z\u00e1sady ochrany osobn\u00edch \u00fadaj\u016f"},"content":{"rendered":"<div class=\"wp-block-uagb-container section-img uagb-block-4e28198a alignfull uagb-is-root-container\">\n<figure class=\"wp-block-image size-full\"><img loading=\"lazy\" decoding=\"async\" width=\"2031\" height=\"367\" src=\"https:\/\/ensure-project.eu\/wp-content\/uploads\/2025\/04\/slide4.jpg\" alt=\"slide4\" class=\"wp-image-185\" srcset=\"https:\/\/ensure-project.eu\/wp-content\/uploads\/2025\/04\/slide4.jpg 2031w, https:\/\/ensure-project.eu\/wp-content\/uploads\/2025\/04\/slide4-650x117.jpg 650w, https:\/\/ensure-project.eu\/wp-content\/uploads\/2025\/04\/slide4-1280x231.jpg 1280w, https:\/\/ensure-project.eu\/wp-content\/uploads\/2025\/04\/slide4-768x139.jpg 768w, https:\/\/ensure-project.eu\/wp-content\/uploads\/2025\/04\/slide4-1536x278.jpg 1536w, https:\/\/ensure-project.eu\/wp-content\/uploads\/2025\/04\/slide4-200x36.jpg 200w\" sizes=\"auto, (max-width: 2031px) 100vw, 2031px\" \/><\/figure>\n<\/div>\n\n\n\n<div class=\"wp-block-uagb-container main-page-lightblue uagb-block-da431a8e alignfull uagb-is-root-container\">\n<h2 class=\"wp-block-heading\">Z\u00e1sady ochrany osobn\u00edch \u00fadaj\u016f<\/h2>\n\n\n\n<p class=\"translation-block\"><strong>\u00davod<\/strong><br><br>Konsorcium projektu ENSURE (\u201eENSURE\u201c, \u201emy\u201c nebo \u201en\u00e1s\u201c) bere ochranu osobn\u00edch \u00fadaj\u016f v\u00e1\u017en\u011b. Tyto z\u00e1sady vysv\u011btluj\u00ed, jak\u00e9 osobn\u00ed \u00fadaje shroma\u017e\u010fujeme, jak je pou\u017e\u00edv\u00e1me a jak s nimi nakl\u00e1d\u00e1me p\u0159i va\u0161em pou\u017e\u00edv\u00e1n\u00ed na\u0161eho webu.<br><br><strong>O projektu ENSURE a na\u0161\u00ed roli<\/strong><br><br>Projekt ENSURE, financovan\u00fd Evropskou uni\u00ed, si klade za c\u00edl pos\u00edlit odolnost, p\u0159ipravenost a inova\u010dn\u00ed schopnosti z\u00e1chrann\u00fdch slo\u017eek v Evrop\u011b p\u0159i zvl\u00e1d\u00e1n\u00ed kriz\u00ed spojen\u00fdch s klimatick\u00fdmi zm\u011bnami. ENSURE vystupuje jako spr\u00e1vce osobn\u00edch \u00fadaj\u016f poskytnut\u00fdch prost\u0159ednictv\u00edm tohoto webu.<br><br><strong>Shroma\u017e\u010fovan\u00e9 osobn\u00ed \u00fadaje<\/strong><br><br>Informace o prohl\u00ed\u017een\u00ed webu: Automaticky shroma\u017e\u010fujeme technick\u00e9 \u00fadaje nezbytn\u00e9 pro funk\u010dnost webu, nap\u0159. IP adresu nebo \u00fadaje o za\u0159\u00edzen\u00ed a prohl\u00ed\u017ee\u010di.<br><br>Cookies: Pou\u017e\u00edv\u00e1me pouze nezbytn\u00e9 soubory cookies pro spr\u00e1vn\u00e9 fungov\u00e1n\u00ed str\u00e1nek. \u017d\u00e1dn\u00e9 analytick\u00e9 nebo reklamn\u00ed cookies nejsou pou\u017e\u00edv\u00e1ny bez va\u0161eho v\u00fdslovn\u00e9ho souhlasu.<br><br>\u00dadaje z registrace (je-li relevantn\u00ed): Jm\u00e9no, e-mail, profesn\u00ed p\u0159\u00edslu\u0161nost a dal\u0161\u00ed \u00fadaje, kter\u00e9 sami dobrovoln\u011b poskytnete.<br><br><strong>\u00da\u010del zpracov\u00e1n\u00ed \u00fadaj\u016f<\/strong><br><br>Va\u0161e \u00fadaje zpracov\u00e1v\u00e1me za \u00fa\u010delem:<br><br>Poskytnut\u00ed p\u0159\u00edstupu ke zdroj\u016fm a materi\u00e1l\u016fm projektu<br>Informov\u00e1n\u00ed o novink\u00e1ch a v\u00fdstupech projektu<br>Zaji\u0161t\u011bn\u00ed bezpe\u010dnosti a funk\u010dnosti webu<br><br><strong>Doba uchov\u00e1n\u00ed \u00fadaj\u016f<\/strong><br><br>Va\u0161e \u00fadaje budou bezpe\u010dn\u011b uchov\u00e1ny po dobu trv\u00e1n\u00ed projektu ENSURE (cca 4 roky) a pot\u00e9 smaz\u00e1ny, pokud z\u00e1kon nestanov\u00ed jinak.<br><br><strong>P\u0159\u00edjemci \u00fadaj\u016f<\/strong><br><br>P\u0159\u00edstup k \u00fadaj\u016fm maj\u00ed pouze pov\u011b\u0159en\u00ed pracovn\u00edci projektu ENSURE, Evropsk\u00e1 unie (je-li to vy\u017eadov\u00e1no), p\u0159\u00edslu\u0161n\u00e9 n\u00e1rodn\u00ed org\u00e1ny a techni\u010dt\u00ed spr\u00e1vci infrastruktury webu.<br><br><strong>P\u0159ed\u00e1v\u00e1n\u00ed \u00fadaj\u016f do zahrani\u010d\u00ed<\/strong><br><br>Osobn\u00ed \u00fadaje mohou b\u00fdt sd\u00edleny mezi partnery konsorcia ENSURE v r\u00e1mci EU \u2013 konkr\u00e9tn\u011b v \u0158ecku, It\u00e1lii, Francii, Rakousku, \u0160pan\u011blsku, \u010cesku, Rumunsku, Severn\u00ed Makedonii a Belgii.<br><br><strong>Va\u0161e pr\u00e1va<\/strong><br><br>M\u00e1te pr\u00e1vo po\u017eadovat p\u0159\u00edstup ke sv\u00fdm \u00fadaj\u016fm, jejich opravu, v\u00fdmaz, omezen\u00ed zpracov\u00e1n\u00ed, vzn\u00e9st n\u00e1mitku a po\u017e\u00e1dat o p\u0159enositelnost \u00fadaj\u016f. Sv\u016fj souhlas m\u016f\u017eete kdykoli odvolat e-mailem na adresu: info@ensure-project.eu. Dozor nad ochranou osobn\u00edch \u00fadaj\u016f vykon\u00e1v\u00e1 \u0159eck\u00fd \u00fa\u0159ad pro ochranu osobn\u00edch \u00fadaj\u016f (https:\/\/www.dpa.gr\/en).<br><br><strong>Kontaktn\u00ed \u00fadaje<\/strong><br><br>Koordin\u00e1tor projektu ENSURE<br>University of Patras, \u0158ecko<br>info@ensure-project.eu<\/p>\n<\/div>","protected":false},"excerpt":{"rendered":"<p>Privacy Policy Introduction The ENSURE Project Consortium<\/p>","protected":false},"author":1,"featured_media":0,"parent":0,"menu_order":0,"comment_status":"closed","ping_status":"open","template":"page-fluid.php","meta":{"_uag_custom_page_level_css":"","footnotes":""},"class_list":["post-3","page","type-page","status-publish","hentry"],"yoast_head":"<!-- This site is optimized with the Yoast SEO plugin v24.9 - https:\/\/yoast.com\/wordpress\/plugins\/seo\/ -->\n<title>Privacy Policy - Ensure<\/title>\n<meta name=\"robots\" content=\"index, follow, max-snippet:-1, max-image-preview:large, max-video-preview:-1\" \/>\n<link rel=\"canonical\" href=\"https:\/\/ensure-project.eu\/cs\/privacy-policy\/\" \/>\n<meta property=\"og:locale\" content=\"cs_CZ\" \/>\n<meta property=\"og:type\" content=\"article\" \/>\n<meta property=\"og:title\" content=\"Privacy Policy - Ensure\" \/>\n<meta property=\"og:description\" content=\"Privacy Policy Introduction The ENSURE Project Consortium\" \/>\n<meta property=\"og:url\" content=\"https:\/\/ensure-project.eu\/cs\/privacy-policy\/\" \/>\n<meta property=\"og:site_name\" content=\"Ensure\" \/>\n<meta property=\"article:modified_time\" content=\"2025-05-07T12:42:56+00:00\" \/>\n<meta property=\"og:image\" content=\"https:\/\/ensure-project.eu\/wp-content\/uploads\/2025\/04\/slide4.jpg\" \/>\n\t<meta property=\"og:image:width\" content=\"2031\" \/>\n\t<meta property=\"og:image:height\" content=\"367\" \/>\n\t<meta property=\"og:image:type\" content=\"image\/jpeg\" \/>\n<meta name=\"twitter:card\" content=\"summary_large_image\" \/>\n<meta name=\"twitter:label1\" content=\"Odhadovan\u00e1 doba \u010dten\u00ed\" \/>\n\t<meta name=\"twitter:data1\" content=\"2 minuty\" \/>\n<script type=\"application\/ld+json\" class=\"yoast-schema-graph\">{\"@context\":\"https:\/\/schema.org\",\"@graph\":[{\"@type\":\"WebPage\",\"@id\":\"https:\/\/ensure-project.eu\/privacy-policy\/\",\"url\":\"https:\/\/ensure-project.eu\/privacy-policy\/\",\"name\":\"Privacy Policy - Ensure\",\"isPartOf\":{\"@id\":\"https:\/\/ensure-project.eu\/#website\"},\"primaryImageOfPage\":{\"@id\":\"https:\/\/ensure-project.eu\/privacy-policy\/#primaryimage\"},\"image\":{\"@id\":\"https:\/\/ensure-project.eu\/privacy-policy\/#primaryimage\"},\"thumbnailUrl\":\"https:\/\/ensure-project.eu\/wp-content\/uploads\/2025\/04\/slide4.jpg\",\"datePublished\":\"2025-04-05T14:54:38+00:00\",\"dateModified\":\"2025-05-07T12:42:56+00:00\",\"breadcrumb\":{\"@id\":\"https:\/\/ensure-project.eu\/privacy-policy\/#breadcrumb\"},\"inLanguage\":\"cs\",\"potentialAction\":[{\"@type\":\"ReadAction\",\"target\":[\"https:\/\/ensure-project.eu\/privacy-policy\/\"]}]},{\"@type\":\"ImageObject\",\"inLanguage\":\"cs\",\"@id\":\"https:\/\/ensure-project.eu\/privacy-policy\/#primaryimage\",\"url\":\"https:\/\/ensure-project.eu\/wp-content\/uploads\/2025\/04\/slide4.jpg\",\"contentUrl\":\"https:\/\/ensure-project.eu\/wp-content\/uploads\/2025\/04\/slide4.jpg\"},{\"@type\":\"BreadcrumbList\",\"@id\":\"https:\/\/ensure-project.eu\/privacy-policy\/#breadcrumb\",\"itemListElement\":[{\"@type\":\"ListItem\",\"position\":1,\"name\":\"Home\",\"item\":\"https:\/\/ensure-project.eu\/\"},{\"@type\":\"ListItem\",\"position\":2,\"name\":\"Privacy Policy\"}]},{\"@type\":\"WebSite\",\"@id\":\"https:\/\/ensure-project.eu\/#website\",\"url\":\"https:\/\/ensure-project.eu\/\",\"name\":\"Ensure\",\"description\":\"\",\"potentialAction\":[{\"@type\":\"SearchAction\",\"target\":{\"@type\":\"EntryPoint\",\"urlTemplate\":\"https:\/\/ensure-project.eu\/?s={search_term_string}\"},\"query-input\":{\"@type\":\"PropertyValueSpecification\",\"valueRequired\":true,\"valueName\":\"search_term_string\"}}],\"inLanguage\":\"cs\"}]}<\/script>\n<!-- \/ Yoast SEO plugin. -->","yoast_head_json":{"title":"Privacy Policy - Ensure","robots":{"index":"index","follow":"follow","max-snippet":"max-snippet:-1","max-image-preview":"max-image-preview:large","max-video-preview":"max-video-preview:-1"},"canonical":"https:\/\/ensure-project.eu\/cs\/privacy-policy\/","og_locale":"cs_CZ","og_type":"article","og_title":"Privacy Policy - Ensure","og_description":"Privacy Policy Introduction The ENSURE Project Consortium","og_url":"https:\/\/ensure-project.eu\/cs\/privacy-policy\/","og_site_name":"Ensure","article_modified_time":"2025-05-07T12:42:56+00:00","og_image":[{"width":2031,"height":367,"url":"https:\/\/ensure-project.eu\/wp-content\/uploads\/2025\/04\/slide4.jpg","type":"image\/jpeg"}],"twitter_card":"summary_large_image","twitter_misc":{"Odhadovan\u00e1 doba \u010dten\u00ed":"2 minuty"},"schema":{"@context":"https:\/\/schema.org","@graph":[{"@type":"WebPage","@id":"https:\/\/ensure-project.eu\/privacy-policy\/","url":"https:\/\/ensure-project.eu\/privacy-policy\/","name":"Privacy Policy - Ensure","isPartOf":{"@id":"https:\/\/ensure-project.eu\/#website"},"primaryImageOfPage":{"@id":"https:\/\/ensure-project.eu\/privacy-policy\/#primaryimage"},"image":{"@id":"https:\/\/ensure-project.eu\/privacy-policy\/#primaryimage"},"thumbnailUrl":"https:\/\/ensure-project.eu\/wp-content\/uploads\/2025\/04\/slide4.jpg","datePublished":"2025-04-05T14:54:38+00:00","dateModified":"2025-05-07T12:42:56+00:00","breadcrumb":{"@id":"https:\/\/ensure-project.eu\/privacy-policy\/#breadcrumb"},"inLanguage":"cs","potentialAction":[{"@type":"ReadAction","target":["https:\/\/ensure-project.eu\/privacy-policy\/"]}]},{"@type":"ImageObject","inLanguage":"cs","@id":"https:\/\/ensure-project.eu\/privacy-policy\/#primaryimage","url":"https:\/\/ensure-project.eu\/wp-content\/uploads\/2025\/04\/slide4.jpg","contentUrl":"https:\/\/ensure-project.eu\/wp-content\/uploads\/2025\/04\/slide4.jpg"},{"@type":"BreadcrumbList","@id":"https:\/\/ensure-project.eu\/privacy-policy\/#breadcrumb","itemListElement":[{"@type":"ListItem","position":1,"name":"Home","item":"https:\/\/ensure-project.eu\/"},{"@type":"ListItem","position":2,"name":"Privacy Policy"}]},{"@type":"WebSite","@id":"https:\/\/ensure-project.eu\/#website","url":"https:\/\/ensure-project.eu\/","name":"Ensure","description":"","potentialAction":[{"@type":"SearchAction","target":{"@type":"EntryPoint","urlTemplate":"https:\/\/ensure-project.eu\/?s={search_term_string}"},"query-input":{"@type":"PropertyValueSpecification","valueRequired":true,"valueName":"search_term_string"}}],"inLanguage":"cs"}]}},"uagb_featured_image_src":{"full":false,"thumbnail":false,"medium":false,"medium_large":false,"large":false,"1536x1536":false,"2048x2048":false,"trp-custom-language-flag":false,"depicter-thumbnail":false},"uagb_author_info":{"display_name":"admin","author_link":"https:\/\/ensure-project.eu\/cs\/author\/ensureadmn\/"},"uagb_comment_info":0,"uagb_excerpt":"Privacy Policy Introduction The ENSURE Project Consortium","_links":{"self":[{"href":"https:\/\/ensure-project.eu\/cs\/wp-json\/wp\/v2\/pages\/3","targetHints":{"allow":["GET"]}}],"collection":[{"href":"https:\/\/ensure-project.eu\/cs\/wp-json\/wp\/v2\/pages"}],"about":[{"href":"https:\/\/ensure-project.eu\/cs\/wp-json\/wp\/v2\/types\/page"}],"author":[{"embeddable":true,"href":"https:\/\/ensure-project.eu\/cs\/wp-json\/wp\/v2\/users\/1"}],"replies":[{"embeddable":true,"href":"https:\/\/ensure-project.eu\/cs\/wp-json\/wp\/v2\/comments?post=3"}],"version-history":[{"count":0,"href":"https:\/\/ensure-project.eu\/cs\/wp-json\/wp\/v2\/pages\/3\/revisions"}],"wp:attachment":[{"href":"https:\/\/ensure-project.eu\/cs\/wp-json\/wp\/v2\/media?parent=3"}],"curies":[{"name":"wp","href":"https:\/\/api.w.org\/{rel}","templated":true}]}}