{"id":10,"date":"2025-04-06T18:08:13","date_gmt":"2025-04-06T15:08:13","guid":{"rendered":"https:\/\/ensure-project.eu\/?page_id=10"},"modified":"2025-06-13T17:24:41","modified_gmt":"2025-06-13T14:24:41","slug":"digital-platform","status":"publish","type":"page","link":"https:\/\/ensure-project.eu\/de\/digital-platform\/","title":{"rendered":"Digitale Plattform"},"content":{"rendered":"<div class=\"wp-block-uagb-container main-page-lightblue uagb-block-da431a8e alignfull uagb-is-root-container\">\n<h2 class=\"wp-block-heading\">Digitale Plattform<\/h2>\n\n\n\n<div class=\"wp-block-uagb-container uagb-block-00e6b1a4 alignfull uagb-is-root-container\">\n<p class=\"has-text-align-left\">Die ENSURE-Digitalplattform (in Vorbereitung) dient als zentrale Anlaufstelle f\u00fcr die innovativen Trainingans\u00e4tze des Projekts. Sie bietet interaktive Trainingtools, die darauf ausgerichtet sind, Einsatzkr\u00e4fte gezielt weiterzubilden und den praktischen Einsatz neuer Technologien zu unterst\u00fctzen \u2013 ein entscheidender Beitrag zur Vorbereitung auf die Bew\u00e4ltigung k\u00fcnftiger klimabedingter Katastrophen.<\/p>\n<\/div>\n\n\n\n<div class=\"wp-block-uagb-container uagb-block-c66402d4 alignfull uagb-is-root-container\"><\/div>\n<\/div>","protected":false},"excerpt":{"rendered":"<p>Digital Platform The ENSURE Digital Platform (forthcoming)<\/p>","protected":false},"author":1,"featured_media":0,"parent":0,"menu_order":0,"comment_status":"closed","ping_status":"closed","template":"page-fluid.php","meta":{"_uag_custom_page_level_css":"","footnotes":""},"class_list":["post-10","page","type-page","status-publish","hentry"],"yoast_head":"<!-- This site is optimized with the Yoast SEO plugin v24.9 - https:\/\/yoast.com\/wordpress\/plugins\/seo\/ -->\n<title>Digital Platform - Ensure<\/title>\n<meta name=\"robots\" content=\"index, follow, max-snippet:-1, max-image-preview:large, max-video-preview:-1\" \/>\n<link rel=\"canonical\" href=\"https:\/\/ensure-project.eu\/de\/digital-platform\/\" \/>\n<meta property=\"og:locale\" content=\"de_DE\" \/>\n<meta property=\"og:type\" content=\"article\" \/>\n<meta property=\"og:title\" content=\"Digital Platform - Ensure\" \/>\n<meta property=\"og:description\" content=\"Digital Platform The ENSURE Digital Platform (forthcoming)\" \/>\n<meta property=\"og:url\" content=\"https:\/\/ensure-project.eu\/de\/digital-platform\/\" \/>\n<meta property=\"og:site_name\" content=\"Ensure\" \/>\n<meta property=\"article:modified_time\" content=\"2025-06-13T14:24:41+00:00\" \/>\n<meta name=\"twitter:card\" content=\"summary_large_image\" \/>\n<meta name=\"twitter:label1\" content=\"Gesch\u00e4tzte Lesezeit\" \/>\n\t<meta name=\"twitter:data1\" content=\"1\u00a0Minute\" \/>\n<script type=\"application\/ld+json\" class=\"yoast-schema-graph\">{\"@context\":\"https:\/\/schema.org\",\"@graph\":[{\"@type\":\"WebPage\",\"@id\":\"https:\/\/ensure-project.eu\/digital-platform\/\",\"url\":\"https:\/\/ensure-project.eu\/digital-platform\/\",\"name\":\"Digital Platform - Ensure\",\"isPartOf\":{\"@id\":\"https:\/\/ensure-project.eu\/#website\"},\"datePublished\":\"2025-04-06T15:08:13+00:00\",\"dateModified\":\"2025-06-13T14:24:41+00:00\",\"breadcrumb\":{\"@id\":\"https:\/\/ensure-project.eu\/digital-platform\/#breadcrumb\"},\"inLanguage\":\"de\",\"potentialAction\":[{\"@type\":\"ReadAction\",\"target\":[\"https:\/\/ensure-project.eu\/digital-platform\/\"]}]},{\"@type\":\"BreadcrumbList\",\"@id\":\"https:\/\/ensure-project.eu\/digital-platform\/#breadcrumb\",\"itemListElement\":[{\"@type\":\"ListItem\",\"position\":1,\"name\":\"Home\",\"item\":\"https:\/\/ensure-project.eu\/\"},{\"@type\":\"ListItem\",\"position\":2,\"name\":\"Digital Platform\"}]},{\"@type\":\"WebSite\",\"@id\":\"https:\/\/ensure-project.eu\/#website\",\"url\":\"https:\/\/ensure-project.eu\/\",\"name\":\"Ensure\",\"description\":\"\",\"potentialAction\":[{\"@type\":\"SearchAction\",\"target\":{\"@type\":\"EntryPoint\",\"urlTemplate\":\"https:\/\/ensure-project.eu\/?s={search_term_string}\"},\"query-input\":{\"@type\":\"PropertyValueSpecification\",\"valueRequired\":true,\"valueName\":\"search_term_string\"}}],\"inLanguage\":\"de\"}]}<\/script>\n<!-- \/ Yoast SEO plugin. -->","yoast_head_json":{"title":"Digital Platform - Ensure","robots":{"index":"index","follow":"follow","max-snippet":"max-snippet:-1","max-image-preview":"max-image-preview:large","max-video-preview":"max-video-preview:-1"},"canonical":"https:\/\/ensure-project.eu\/de\/digital-platform\/","og_locale":"de_DE","og_type":"article","og_title":"Digital Platform - Ensure","og_description":"Digital Platform The ENSURE Digital Platform (forthcoming)","og_url":"https:\/\/ensure-project.eu\/de\/digital-platform\/","og_site_name":"Ensure","article_modified_time":"2025-06-13T14:24:41+00:00","twitter_card":"summary_large_image","twitter_misc":{"Gesch\u00e4tzte Lesezeit":"1\u00a0Minute"},"schema":{"@context":"https:\/\/schema.org","@graph":[{"@type":"WebPage","@id":"https:\/\/ensure-project.eu\/digital-platform\/","url":"https:\/\/ensure-project.eu\/digital-platform\/","name":"Digital Platform - Ensure","isPartOf":{"@id":"https:\/\/ensure-project.eu\/#website"},"datePublished":"2025-04-06T15:08:13+00:00","dateModified":"2025-06-13T14:24:41+00:00","breadcrumb":{"@id":"https:\/\/ensure-project.eu\/digital-platform\/#breadcrumb"},"inLanguage":"de","potentialAction":[{"@type":"ReadAction","target":["https:\/\/ensure-project.eu\/digital-platform\/"]}]},{"@type":"BreadcrumbList","@id":"https:\/\/ensure-project.eu\/digital-platform\/#breadcrumb","itemListElement":[{"@type":"ListItem","position":1,"name":"Home","item":"https:\/\/ensure-project.eu\/"},{"@type":"ListItem","position":2,"name":"Digital Platform"}]},{"@type":"WebSite","@id":"https:\/\/ensure-project.eu\/#website","url":"https:\/\/ensure-project.eu\/","name":"Ensure","description":"","potentialAction":[{"@type":"SearchAction","target":{"@type":"EntryPoint","urlTemplate":"https:\/\/ensure-project.eu\/?s={search_term_string}"},"query-input":{"@type":"PropertyValueSpecification","valueRequired":true,"valueName":"search_term_string"}}],"inLanguage":"de"}]}},"uagb_featured_image_src":{"full":false,"thumbnail":false,"medium":false,"medium_large":false,"large":false,"1536x1536":false,"2048x2048":false,"trp-custom-language-flag":false,"depicter-thumbnail":false},"uagb_author_info":{"display_name":"admin","author_link":"https:\/\/ensure-project.eu\/de\/author\/ensureadmn\/"},"uagb_comment_info":0,"uagb_excerpt":"Digital Platform The ENSURE Digital Platform (forthcoming)","_links":{"self":[{"href":"https:\/\/ensure-project.eu\/de\/wp-json\/wp\/v2\/pages\/10","targetHints":{"allow":["GET"]}}],"collection":[{"href":"https:\/\/ensure-project.eu\/de\/wp-json\/wp\/v2\/pages"}],"about":[{"href":"https:\/\/ensure-project.eu\/de\/wp-json\/wp\/v2\/types\/page"}],"author":[{"embeddable":true,"href":"https:\/\/ensure-project.eu\/de\/wp-json\/wp\/v2\/users\/1"}],"replies":[{"embeddable":true,"href":"https:\/\/ensure-project.eu\/de\/wp-json\/wp\/v2\/comments?post=10"}],"version-history":[{"count":0,"href":"https:\/\/ensure-project.eu\/de\/wp-json\/wp\/v2\/pages\/10\/revisions"}],"wp:attachment":[{"href":"https:\/\/ensure-project.eu\/de\/wp-json\/wp\/v2\/media?parent=10"}],"curies":[{"name":"wp","href":"https:\/\/api.w.org\/{rel}","templated":true}]}}