{"id":167,"date":"2025-04-08T16:38:32","date_gmt":"2025-04-08T13:38:32","guid":{"rendered":"https:\/\/ensure-project.eu\/?page_id=167"},"modified":"2025-05-07T15:38:58","modified_gmt":"2025-05-07T12:38:58","slug":"results","status":"publish","type":"page","link":"https:\/\/ensure-project.eu\/de\/results\/","title":{"rendered":"Ergebnisse"},"content":{"rendered":"<div class=\"wp-block-uagb-container section-img uagb-block-4e28198a alignfull uagb-is-root-container\">\n<figure class=\"wp-block-image size-full\"><img loading=\"lazy\" decoding=\"async\" width=\"2325\" height=\"386\" src=\"https:\/\/ensure-project.eu\/wp-content\/uploads\/2025\/04\/14.jpg\" alt=\"14\" class=\"wp-image-203\" srcset=\"https:\/\/ensure-project.eu\/wp-content\/uploads\/2025\/04\/14.jpg 2325w, https:\/\/ensure-project.eu\/wp-content\/uploads\/2025\/04\/14-650x108.jpg 650w, https:\/\/ensure-project.eu\/wp-content\/uploads\/2025\/04\/14-1280x213.jpg 1280w, https:\/\/ensure-project.eu\/wp-content\/uploads\/2025\/04\/14-768x128.jpg 768w, https:\/\/ensure-project.eu\/wp-content\/uploads\/2025\/04\/14-1536x255.jpg 1536w, https:\/\/ensure-project.eu\/wp-content\/uploads\/2025\/04\/14-2048x340.jpg 2048w, https:\/\/ensure-project.eu\/wp-content\/uploads\/2025\/04\/14-200x33.jpg 200w\" sizes=\"auto, (max-width: 2325px) 100vw, 2325px\" \/><\/figure>\n<\/div>\n\n\n\n<div class=\"wp-block-uagb-container main-page-lightblue results-page uagb-block-da431a8e alignfull uagb-is-root-container\">\n<h2 class=\"wp-block-heading\">Ergebnisse<\/h2>\n\n\n\n<div class=\"wp-block-columns are-vertically-aligned-center is-layout-flex wp-container-core-columns-is-layout-9d6595d7 wp-block-columns-is-layout-flex\">\n<div class=\"wp-block-column is-vertically-aligned-center is-layout-flow wp-block-column-is-layout-flow\" style=\"flex-basis:10%\"><div class=\"wp-block-image\">\n<figure class=\"alignleft size-full is-resized\"><img loading=\"lazy\" decoding=\"async\" width=\"200\" height=\"200\" src=\"https:\/\/ensure-project.eu\/wp-content\/uploads\/2025\/04\/check-icon-200x200-1.png\" alt=\"check icon 200x200\" class=\"wp-image-24\" style=\"object-fit:contain;width:100px;height:100px\"\/><\/figure><\/div><\/div>\n\n\n\n<div class=\"wp-block-column is-vertically-aligned-center is-layout-flow wp-block-column-is-layout-flow\" style=\"flex-basis:90%\">\n<p>In diesem Bereich werden alle zentralen Ergebnisse und Deliverables von ENSURE ver\u00f6ffentlicht. Dazu geh\u00f6ren unter anderem Trainingscurricula, Open Educational Resources, Forschungsergebnisse, Leitlinien f\u00fcr neue Berufsprofile sowie u.a. das ENSURE Game.\n Die Materialien werden regelm\u00e4\u00dfig aktualisiert, um die kontinuierliche Sichtbarkeit der Projektergebnisse und deren Beitrag zur beruflichen Weiterentwicklung von Einsatzkr\u00e4ften sicherzustellen.<\/p>\n<\/div>\n<\/div>\n<\/div>","protected":false},"excerpt":{"rendered":"<p>Results This section will feature all key<\/p>","protected":false},"author":1,"featured_media":0,"parent":0,"menu_order":0,"comment_status":"closed","ping_status":"closed","template":"page-fluid.php","meta":{"_uag_custom_page_level_css":"","footnotes":""},"class_list":["post-167","page","type-page","status-publish","hentry"],"yoast_head":"<!-- This site is optimized with the Yoast SEO plugin v24.9 - https:\/\/yoast.com\/wordpress\/plugins\/seo\/ -->\n<title>Results - Ensure<\/title>\n<meta name=\"robots\" content=\"index, follow, max-snippet:-1, max-image-preview:large, max-video-preview:-1\" \/>\n<link rel=\"canonical\" href=\"https:\/\/ensure-project.eu\/de\/results\/\" \/>\n<meta property=\"og:locale\" content=\"de_DE\" \/>\n<meta property=\"og:type\" content=\"article\" \/>\n<meta property=\"og:title\" content=\"Results - Ensure\" \/>\n<meta property=\"og:description\" content=\"Results This section will feature all key\" \/>\n<meta property=\"og:url\" content=\"https:\/\/ensure-project.eu\/de\/results\/\" \/>\n<meta property=\"og:site_name\" content=\"Ensure\" \/>\n<meta property=\"article:modified_time\" content=\"2025-05-07T12:38:58+00:00\" \/>\n<meta property=\"og:image\" content=\"https:\/\/ensure-project.eu\/wp-content\/uploads\/2025\/04\/14.jpg\" \/>\n\t<meta property=\"og:image:width\" content=\"2325\" \/>\n\t<meta property=\"og:image:height\" content=\"386\" \/>\n\t<meta property=\"og:image:type\" content=\"image\/jpeg\" \/>\n<meta name=\"twitter:card\" content=\"summary_large_image\" \/>\n<meta name=\"twitter:label1\" content=\"Gesch\u00e4tzte Lesezeit\" \/>\n\t<meta name=\"twitter:data1\" content=\"1\u00a0Minute\" \/>\n<script type=\"application\/ld+json\" class=\"yoast-schema-graph\">{\"@context\":\"https:\/\/schema.org\",\"@graph\":[{\"@type\":\"WebPage\",\"@id\":\"https:\/\/ensure-project.eu\/results\/\",\"url\":\"https:\/\/ensure-project.eu\/results\/\",\"name\":\"Results - Ensure\",\"isPartOf\":{\"@id\":\"https:\/\/ensure-project.eu\/#website\"},\"primaryImageOfPage\":{\"@id\":\"https:\/\/ensure-project.eu\/results\/#primaryimage\"},\"image\":{\"@id\":\"https:\/\/ensure-project.eu\/results\/#primaryimage\"},\"thumbnailUrl\":\"https:\/\/ensure-project.eu\/wp-content\/uploads\/2025\/04\/14.jpg\",\"datePublished\":\"2025-04-08T13:38:32+00:00\",\"dateModified\":\"2025-05-07T12:38:58+00:00\",\"breadcrumb\":{\"@id\":\"https:\/\/ensure-project.eu\/results\/#breadcrumb\"},\"inLanguage\":\"de\",\"potentialAction\":[{\"@type\":\"ReadAction\",\"target\":[\"https:\/\/ensure-project.eu\/results\/\"]}]},{\"@type\":\"ImageObject\",\"inLanguage\":\"de\",\"@id\":\"https:\/\/ensure-project.eu\/results\/#primaryimage\",\"url\":\"https:\/\/ensure-project.eu\/wp-content\/uploads\/2025\/04\/14.jpg\",\"contentUrl\":\"https:\/\/ensure-project.eu\/wp-content\/uploads\/2025\/04\/14.jpg\"},{\"@type\":\"BreadcrumbList\",\"@id\":\"https:\/\/ensure-project.eu\/results\/#breadcrumb\",\"itemListElement\":[{\"@type\":\"ListItem\",\"position\":1,\"name\":\"Home\",\"item\":\"https:\/\/ensure-project.eu\/\"},{\"@type\":\"ListItem\",\"position\":2,\"name\":\"Results\"}]},{\"@type\":\"WebSite\",\"@id\":\"https:\/\/ensure-project.eu\/#website\",\"url\":\"https:\/\/ensure-project.eu\/\",\"name\":\"Ensure\",\"description\":\"\",\"potentialAction\":[{\"@type\":\"SearchAction\",\"target\":{\"@type\":\"EntryPoint\",\"urlTemplate\":\"https:\/\/ensure-project.eu\/?s={search_term_string}\"},\"query-input\":{\"@type\":\"PropertyValueSpecification\",\"valueRequired\":true,\"valueName\":\"search_term_string\"}}],\"inLanguage\":\"de\"}]}<\/script>\n<!-- \/ Yoast SEO plugin. -->","yoast_head_json":{"title":"Results - Ensure","robots":{"index":"index","follow":"follow","max-snippet":"max-snippet:-1","max-image-preview":"max-image-preview:large","max-video-preview":"max-video-preview:-1"},"canonical":"https:\/\/ensure-project.eu\/de\/results\/","og_locale":"de_DE","og_type":"article","og_title":"Results - Ensure","og_description":"Results This section will feature all key","og_url":"https:\/\/ensure-project.eu\/de\/results\/","og_site_name":"Ensure","article_modified_time":"2025-05-07T12:38:58+00:00","og_image":[{"width":2325,"height":386,"url":"https:\/\/ensure-project.eu\/wp-content\/uploads\/2025\/04\/14.jpg","type":"image\/jpeg"}],"twitter_card":"summary_large_image","twitter_misc":{"Gesch\u00e4tzte Lesezeit":"1\u00a0Minute"},"schema":{"@context":"https:\/\/schema.org","@graph":[{"@type":"WebPage","@id":"https:\/\/ensure-project.eu\/results\/","url":"https:\/\/ensure-project.eu\/results\/","name":"Results - Ensure","isPartOf":{"@id":"https:\/\/ensure-project.eu\/#website"},"primaryImageOfPage":{"@id":"https:\/\/ensure-project.eu\/results\/#primaryimage"},"image":{"@id":"https:\/\/ensure-project.eu\/results\/#primaryimage"},"thumbnailUrl":"https:\/\/ensure-project.eu\/wp-content\/uploads\/2025\/04\/14.jpg","datePublished":"2025-04-08T13:38:32+00:00","dateModified":"2025-05-07T12:38:58+00:00","breadcrumb":{"@id":"https:\/\/ensure-project.eu\/results\/#breadcrumb"},"inLanguage":"de","potentialAction":[{"@type":"ReadAction","target":["https:\/\/ensure-project.eu\/results\/"]}]},{"@type":"ImageObject","inLanguage":"de","@id":"https:\/\/ensure-project.eu\/results\/#primaryimage","url":"https:\/\/ensure-project.eu\/wp-content\/uploads\/2025\/04\/14.jpg","contentUrl":"https:\/\/ensure-project.eu\/wp-content\/uploads\/2025\/04\/14.jpg"},{"@type":"BreadcrumbList","@id":"https:\/\/ensure-project.eu\/results\/#breadcrumb","itemListElement":[{"@type":"ListItem","position":1,"name":"Home","item":"https:\/\/ensure-project.eu\/"},{"@type":"ListItem","position":2,"name":"Results"}]},{"@type":"WebSite","@id":"https:\/\/ensure-project.eu\/#website","url":"https:\/\/ensure-project.eu\/","name":"Ensure","description":"","potentialAction":[{"@type":"SearchAction","target":{"@type":"EntryPoint","urlTemplate":"https:\/\/ensure-project.eu\/?s={search_term_string}"},"query-input":{"@type":"PropertyValueSpecification","valueRequired":true,"valueName":"search_term_string"}}],"inLanguage":"de"}]}},"uagb_featured_image_src":{"full":false,"thumbnail":false,"medium":false,"medium_large":false,"large":false,"1536x1536":false,"2048x2048":false,"trp-custom-language-flag":false,"depicter-thumbnail":false},"uagb_author_info":{"display_name":"admin","author_link":"https:\/\/ensure-project.eu\/de\/author\/ensureadmn\/"},"uagb_comment_info":0,"uagb_excerpt":"Results This section will feature all key","_links":{"self":[{"href":"https:\/\/ensure-project.eu\/de\/wp-json\/wp\/v2\/pages\/167","targetHints":{"allow":["GET"]}}],"collection":[{"href":"https:\/\/ensure-project.eu\/de\/wp-json\/wp\/v2\/pages"}],"about":[{"href":"https:\/\/ensure-project.eu\/de\/wp-json\/wp\/v2\/types\/page"}],"author":[{"embeddable":true,"href":"https:\/\/ensure-project.eu\/de\/wp-json\/wp\/v2\/users\/1"}],"replies":[{"embeddable":true,"href":"https:\/\/ensure-project.eu\/de\/wp-json\/wp\/v2\/comments?post=167"}],"version-history":[{"count":0,"href":"https:\/\/ensure-project.eu\/de\/wp-json\/wp\/v2\/pages\/167\/revisions"}],"wp:attachment":[{"href":"https:\/\/ensure-project.eu\/de\/wp-json\/wp\/v2\/media?parent=167"}],"curies":[{"name":"wp","href":"https:\/\/api.w.org\/{rel}","templated":true}]}}