{"id":237,"date":"2025-04-24T17:26:59","date_gmt":"2025-04-24T14:26:59","guid":{"rendered":"https:\/\/ensure-project.eu\/?page_id=237"},"modified":"2025-04-24T17:30:00","modified_gmt":"2025-04-24T14:30:00","slug":"deliverables","status":"publish","type":"page","link":"https:\/\/ensure-project.eu\/de\/deliverables\/","title":{"rendered":"Deliverables"},"content":{"rendered":"<div class=\"wp-block-uagb-container section-img uagb-block-4e28198a alignfull uagb-is-root-container\">\n<figure class=\"wp-block-image size-full\"><img loading=\"lazy\" decoding=\"async\" width=\"1822\" height=\"295\" src=\"https:\/\/ensure-project.eu\/wp-content\/uploads\/2025\/04\/books.jpg\" alt=\"books\" class=\"wp-image-240\" srcset=\"https:\/\/ensure-project.eu\/wp-content\/uploads\/2025\/04\/books.jpg 1822w, https:\/\/ensure-project.eu\/wp-content\/uploads\/2025\/04\/books-650x105.jpg 650w, https:\/\/ensure-project.eu\/wp-content\/uploads\/2025\/04\/books-1280x207.jpg 1280w, https:\/\/ensure-project.eu\/wp-content\/uploads\/2025\/04\/books-768x124.jpg 768w, https:\/\/ensure-project.eu\/wp-content\/uploads\/2025\/04\/books-1536x249.jpg 1536w, https:\/\/ensure-project.eu\/wp-content\/uploads\/2025\/04\/books-200x32.jpg 200w\" sizes=\"auto, (max-width: 1822px) 100vw, 1822px\" \/><\/figure>\n<\/div>\n\n\n\n<div class=\"wp-block-uagb-container main-page-lightblue uagb-block-da431a8e alignfull uagb-is-root-container\">\n<div class=\"wp-block-uagb-container uagb-block-25be26c1\">\n<h2 class=\"wp-block-heading\">Deliverables<\/h2>\n\n\n\n<p>In diesem Bereich werden alle zentralen Ergebnisse und Deliverables von ENSURE ver\u00f6ffentlicht. Dazu geh\u00f6ren unter anderem Trainingscurricula, Open Educational Resources, Forschungsergebnisse, Leitlinien f\u00fcr neue Berufsprofile sowie u.a. das ENSURE Game.\n Die Materialien werden regelm\u00e4\u00dfig aktualisiert, um die kontinuierliche Sichtbarkeit der Projektergebnisse und deren Beitrag zur beruflichen Weiterentwicklung von Einsatzkr\u00e4ften sicherzustellen.<\/p>\n<\/div>\n<\/div>","protected":false},"excerpt":{"rendered":"<p>Deliverables This section will feature all key<\/p>","protected":false},"author":1,"featured_media":0,"parent":0,"menu_order":0,"comment_status":"closed","ping_status":"closed","template":"page-fluid.php","meta":{"_uag_custom_page_level_css":"","footnotes":""},"class_list":["post-237","page","type-page","status-publish","hentry"],"yoast_head":"<!-- This site is optimized with the Yoast SEO plugin v24.9 - https:\/\/yoast.com\/wordpress\/plugins\/seo\/ -->\n<title>Deliverables - Ensure<\/title>\n<meta name=\"robots\" content=\"index, follow, max-snippet:-1, max-image-preview:large, max-video-preview:-1\" \/>\n<link rel=\"canonical\" href=\"https:\/\/ensure-project.eu\/de\/deliverables\/\" \/>\n<meta property=\"og:locale\" content=\"de_DE\" \/>\n<meta property=\"og:type\" content=\"article\" \/>\n<meta property=\"og:title\" content=\"Deliverables - Ensure\" \/>\n<meta property=\"og:description\" content=\"Deliverables This section will feature all key\" \/>\n<meta property=\"og:url\" content=\"https:\/\/ensure-project.eu\/de\/deliverables\/\" \/>\n<meta property=\"og:site_name\" content=\"Ensure\" \/>\n<meta property=\"article:modified_time\" content=\"2025-04-24T14:30:00+00:00\" \/>\n<meta property=\"og:image\" content=\"https:\/\/ensure-project.eu\/wp-content\/uploads\/2025\/04\/books.jpg\" \/>\n\t<meta property=\"og:image:width\" content=\"1822\" \/>\n\t<meta property=\"og:image:height\" content=\"295\" \/>\n\t<meta property=\"og:image:type\" content=\"image\/jpeg\" \/>\n<meta name=\"twitter:card\" content=\"summary_large_image\" \/>\n<meta name=\"twitter:label1\" content=\"Gesch\u00e4tzte Lesezeit\" \/>\n\t<meta name=\"twitter:data1\" content=\"1\u00a0Minute\" \/>\n<script type=\"application\/ld+json\" class=\"yoast-schema-graph\">{\"@context\":\"https:\/\/schema.org\",\"@graph\":[{\"@type\":\"WebPage\",\"@id\":\"https:\/\/ensure-project.eu\/deliverables\/\",\"url\":\"https:\/\/ensure-project.eu\/deliverables\/\",\"name\":\"Deliverables - Ensure\",\"isPartOf\":{\"@id\":\"https:\/\/ensure-project.eu\/#website\"},\"primaryImageOfPage\":{\"@id\":\"https:\/\/ensure-project.eu\/deliverables\/#primaryimage\"},\"image\":{\"@id\":\"https:\/\/ensure-project.eu\/deliverables\/#primaryimage\"},\"thumbnailUrl\":\"https:\/\/ensure-project.eu\/wp-content\/uploads\/2025\/04\/books.jpg\",\"datePublished\":\"2025-04-24T14:26:59+00:00\",\"dateModified\":\"2025-04-24T14:30:00+00:00\",\"breadcrumb\":{\"@id\":\"https:\/\/ensure-project.eu\/deliverables\/#breadcrumb\"},\"inLanguage\":\"de\",\"potentialAction\":[{\"@type\":\"ReadAction\",\"target\":[\"https:\/\/ensure-project.eu\/deliverables\/\"]}]},{\"@type\":\"ImageObject\",\"inLanguage\":\"de\",\"@id\":\"https:\/\/ensure-project.eu\/deliverables\/#primaryimage\",\"url\":\"https:\/\/ensure-project.eu\/wp-content\/uploads\/2025\/04\/books.jpg\",\"contentUrl\":\"https:\/\/ensure-project.eu\/wp-content\/uploads\/2025\/04\/books.jpg\"},{\"@type\":\"BreadcrumbList\",\"@id\":\"https:\/\/ensure-project.eu\/deliverables\/#breadcrumb\",\"itemListElement\":[{\"@type\":\"ListItem\",\"position\":1,\"name\":\"Home\",\"item\":\"https:\/\/ensure-project.eu\/\"},{\"@type\":\"ListItem\",\"position\":2,\"name\":\"Deliverables\"}]},{\"@type\":\"WebSite\",\"@id\":\"https:\/\/ensure-project.eu\/#website\",\"url\":\"https:\/\/ensure-project.eu\/\",\"name\":\"Ensure\",\"description\":\"\",\"potentialAction\":[{\"@type\":\"SearchAction\",\"target\":{\"@type\":\"EntryPoint\",\"urlTemplate\":\"https:\/\/ensure-project.eu\/?s={search_term_string}\"},\"query-input\":{\"@type\":\"PropertyValueSpecification\",\"valueRequired\":true,\"valueName\":\"search_term_string\"}}],\"inLanguage\":\"de\"}]}<\/script>\n<!-- \/ Yoast SEO plugin. -->","yoast_head_json":{"title":"Deliverables - Ensure","robots":{"index":"index","follow":"follow","max-snippet":"max-snippet:-1","max-image-preview":"max-image-preview:large","max-video-preview":"max-video-preview:-1"},"canonical":"https:\/\/ensure-project.eu\/de\/deliverables\/","og_locale":"de_DE","og_type":"article","og_title":"Deliverables - Ensure","og_description":"Deliverables This section will feature all key","og_url":"https:\/\/ensure-project.eu\/de\/deliverables\/","og_site_name":"Ensure","article_modified_time":"2025-04-24T14:30:00+00:00","og_image":[{"width":1822,"height":295,"url":"https:\/\/ensure-project.eu\/wp-content\/uploads\/2025\/04\/books.jpg","type":"image\/jpeg"}],"twitter_card":"summary_large_image","twitter_misc":{"Gesch\u00e4tzte Lesezeit":"1\u00a0Minute"},"schema":{"@context":"https:\/\/schema.org","@graph":[{"@type":"WebPage","@id":"https:\/\/ensure-project.eu\/deliverables\/","url":"https:\/\/ensure-project.eu\/deliverables\/","name":"Deliverables - Ensure","isPartOf":{"@id":"https:\/\/ensure-project.eu\/#website"},"primaryImageOfPage":{"@id":"https:\/\/ensure-project.eu\/deliverables\/#primaryimage"},"image":{"@id":"https:\/\/ensure-project.eu\/deliverables\/#primaryimage"},"thumbnailUrl":"https:\/\/ensure-project.eu\/wp-content\/uploads\/2025\/04\/books.jpg","datePublished":"2025-04-24T14:26:59+00:00","dateModified":"2025-04-24T14:30:00+00:00","breadcrumb":{"@id":"https:\/\/ensure-project.eu\/deliverables\/#breadcrumb"},"inLanguage":"de","potentialAction":[{"@type":"ReadAction","target":["https:\/\/ensure-project.eu\/deliverables\/"]}]},{"@type":"ImageObject","inLanguage":"de","@id":"https:\/\/ensure-project.eu\/deliverables\/#primaryimage","url":"https:\/\/ensure-project.eu\/wp-content\/uploads\/2025\/04\/books.jpg","contentUrl":"https:\/\/ensure-project.eu\/wp-content\/uploads\/2025\/04\/books.jpg"},{"@type":"BreadcrumbList","@id":"https:\/\/ensure-project.eu\/deliverables\/#breadcrumb","itemListElement":[{"@type":"ListItem","position":1,"name":"Home","item":"https:\/\/ensure-project.eu\/"},{"@type":"ListItem","position":2,"name":"Deliverables"}]},{"@type":"WebSite","@id":"https:\/\/ensure-project.eu\/#website","url":"https:\/\/ensure-project.eu\/","name":"Ensure","description":"","potentialAction":[{"@type":"SearchAction","target":{"@type":"EntryPoint","urlTemplate":"https:\/\/ensure-project.eu\/?s={search_term_string}"},"query-input":{"@type":"PropertyValueSpecification","valueRequired":true,"valueName":"search_term_string"}}],"inLanguage":"de"}]}},"uagb_featured_image_src":{"full":false,"thumbnail":false,"medium":false,"medium_large":false,"large":false,"1536x1536":false,"2048x2048":false,"trp-custom-language-flag":false,"depicter-thumbnail":false},"uagb_author_info":{"display_name":"admin","author_link":"https:\/\/ensure-project.eu\/de\/author\/ensureadmn\/"},"uagb_comment_info":0,"uagb_excerpt":"Deliverables This section will feature all key","_links":{"self":[{"href":"https:\/\/ensure-project.eu\/de\/wp-json\/wp\/v2\/pages\/237","targetHints":{"allow":["GET"]}}],"collection":[{"href":"https:\/\/ensure-project.eu\/de\/wp-json\/wp\/v2\/pages"}],"about":[{"href":"https:\/\/ensure-project.eu\/de\/wp-json\/wp\/v2\/types\/page"}],"author":[{"embeddable":true,"href":"https:\/\/ensure-project.eu\/de\/wp-json\/wp\/v2\/users\/1"}],"replies":[{"embeddable":true,"href":"https:\/\/ensure-project.eu\/de\/wp-json\/wp\/v2\/comments?post=237"}],"version-history":[{"count":0,"href":"https:\/\/ensure-project.eu\/de\/wp-json\/wp\/v2\/pages\/237\/revisions"}],"wp:attachment":[{"href":"https:\/\/ensure-project.eu\/de\/wp-json\/wp\/v2\/media?parent=237"}],"curies":[{"name":"wp","href":"https:\/\/api.w.org\/{rel}","templated":true}]}}