{"id":257,"date":"2025-04-28T19:04:49","date_gmt":"2025-04-28T16:04:49","guid":{"rendered":"https:\/\/ensure-project.eu\/?page_id=257"},"modified":"2025-05-03T09:17:32","modified_gmt":"2025-05-03T06:17:32","slug":"terms","status":"publish","type":"page","link":"https:\/\/ensure-project.eu\/de\/terms\/","title":{"rendered":"Nutzungsbedingungen"},"content":{"rendered":"<div class=\"wp-block-uagb-container section-img uagb-block-4e28198a alignfull uagb-is-root-container\">\n<figure class=\"wp-block-image size-full\"><img loading=\"lazy\" decoding=\"async\" width=\"2031\" height=\"367\" src=\"https:\/\/ensure-project.eu\/wp-content\/uploads\/2025\/04\/slide4.jpg\" alt=\"slide4\" class=\"wp-image-185\" srcset=\"https:\/\/ensure-project.eu\/wp-content\/uploads\/2025\/04\/slide4.jpg 2031w, https:\/\/ensure-project.eu\/wp-content\/uploads\/2025\/04\/slide4-650x117.jpg 650w, https:\/\/ensure-project.eu\/wp-content\/uploads\/2025\/04\/slide4-1280x231.jpg 1280w, https:\/\/ensure-project.eu\/wp-content\/uploads\/2025\/04\/slide4-768x139.jpg 768w, https:\/\/ensure-project.eu\/wp-content\/uploads\/2025\/04\/slide4-1536x278.jpg 1536w, https:\/\/ensure-project.eu\/wp-content\/uploads\/2025\/04\/slide4-200x36.jpg 200w\" sizes=\"auto, (max-width: 2031px) 100vw, 2031px\" \/><\/figure>\n<\/div>\n\n\n\n<div class=\"wp-block-uagb-container main-page-lightblue uagb-block-da431a8e alignfull uagb-is-root-container\">\n<h2 class=\"wp-block-heading\">Nutzungsbedingungen<\/h2>\n\n\n\n<p>Zustimmung zu den Nutzungsbedingungen<br><br>Mit dem Zugriff auf die ENSURE-Website erkl\u00e4ren Sie sich mit den Nutzungsbedingungen einverstanden. Sind Sie mit den Nutzungsbedingungen nicht einverstanden, bitten wir Sie, die Nutzung der Website zu unterlassen.\n Wir behalten uns das Recht vor, diese Bedingungen bei Bedarf zu aktualisieren. Die fortgesetzte Nutzung der Website gilt als Zustimmung zu den jeweils aktuellen Bedingungen.<\/p>\n\n\n\n<p>Liability for Content<br><br>ENSURE project content is created and managed by consortium partners. We ensure accuracy but hold no liability for unintended inaccuracies. Third-party content, clearly marked as such, remains the responsibility of respective third parties.<\/p>\n\n\n\n<p>Externe Links<br><br>Die ENSURE-Website enth\u00e4lt Links zu externen Websites Dritter. F\u00fcr deren Inhalte \u00fcbernehmen wir keine Verantwortung. Wir empfehlen, die Nutzungsbedingungen und Datenschutzerkl\u00e4rungen der jeweiligen Seiten zu pr\u00fcfen.<\/p>\n\n\n\n<p>Urheberrecht<br><br>Alle auf der ENSURE-Website ver\u00f6ffentlichten Inhalte unterliegen dem griechischen und internationalen Urheberrecht.\n Vervielf\u00e4ltigung, Bearbeitung, Verbreitung oder jede sonstige Form der Verwertung au\u00dferhalb der engen Grenzen des Urheberrechts bed\u00fcrfen der ausdr\u00fccklichen schriftlichen Zustimmung von ENSURE oder den jeweiligen Urheberinnen und Urhebern.<\/p>\n\n\n\n<p>Verwendung personenbezogener Daten<br><br>Personenbezogene Daten, die \u00fcber diese Website bereitgestellt werden, d\u00fcrfen ausschlie\u00dflich im Zusammenhang mit den Zielen des ENSURE-Projekts verwendet werden.\n F\u00fcr Fragen zum Umgang mit personenbezogenen Daten wenden Sie sich bitte an den Projektkoordinator.<\/p>\n\n\n\n<p>Verhaltensregeln f\u00fcr Nutzer\/innen<br><br>Die Nutzerinnen und Nutzer verpflichten sich, die ENSURE-Website rechtm\u00e4\u00dfig und verantwortungsvoll zu nutzen. Untersagt ist insbesondere die Ver\u00f6ffentlichung von:<\/p>\n\n\n\n<p class=\"translation-block\">Diffamierenden oder bedrohlichen Inhalten<br>Rechtswidrigen oder irref\u00fchrenden Informationen<br>Verletzungen von Urheberrechten oder geistigem Eigentum<br>Anst\u00f6\u00dfigen, obsz\u00f6nen oder parteipolitisch einseitigen Inhalten<br>Werbung oder kommerziellen Angeboten<br>Bei Verst\u00f6\u00dfen behalten wir uns vor, den Zugang zu beschr\u00e4nken oder rechtliche Schritte einzuleiten.<\/p>\n\n\n\n<p class=\"translation-block\">Kontakt<br><br>ENSURE-Projektkoordination<br>Universit\u00e4t Patras, Griechenland<br>E-Mail: info@ensure-project.eu<\/p>\n<\/div>","protected":false},"excerpt":{"rendered":"<p>Terms of Use Acceptance of Terms By<\/p>","protected":false},"author":1,"featured_media":0,"parent":0,"menu_order":0,"comment_status":"closed","ping_status":"closed","template":"page-fluid.php","meta":{"_uag_custom_page_level_css":"","footnotes":""},"class_list":["post-257","page","type-page","status-publish","hentry"],"yoast_head":"<!-- This site is optimized with the Yoast SEO plugin v24.9 - https:\/\/yoast.com\/wordpress\/plugins\/seo\/ -->\n<title>Terms of Use - Ensure<\/title>\n<meta name=\"robots\" content=\"index, follow, max-snippet:-1, max-image-preview:large, max-video-preview:-1\" \/>\n<link rel=\"canonical\" href=\"https:\/\/ensure-project.eu\/de\/terms\/\" \/>\n<meta property=\"og:locale\" content=\"de_DE\" \/>\n<meta property=\"og:type\" content=\"article\" \/>\n<meta property=\"og:title\" content=\"Terms of Use - Ensure\" \/>\n<meta property=\"og:description\" content=\"Terms of Use Acceptance of Terms By\" \/>\n<meta property=\"og:url\" content=\"https:\/\/ensure-project.eu\/de\/terms\/\" \/>\n<meta property=\"og:site_name\" content=\"Ensure\" \/>\n<meta property=\"article:modified_time\" content=\"2025-05-03T06:17:32+00:00\" \/>\n<meta property=\"og:image\" content=\"https:\/\/ensure-project.eu\/wp-content\/uploads\/2025\/04\/slide4.jpg\" \/>\n\t<meta property=\"og:image:width\" content=\"2031\" \/>\n\t<meta property=\"og:image:height\" content=\"367\" \/>\n\t<meta property=\"og:image:type\" content=\"image\/jpeg\" \/>\n<meta name=\"twitter:card\" content=\"summary_large_image\" \/>\n<meta name=\"twitter:label1\" content=\"Gesch\u00e4tzte Lesezeit\" \/>\n\t<meta name=\"twitter:data1\" content=\"2\u00a0Minuten\" \/>\n<script type=\"application\/ld+json\" class=\"yoast-schema-graph\">{\"@context\":\"https:\/\/schema.org\",\"@graph\":[{\"@type\":\"WebPage\",\"@id\":\"https:\/\/ensure-project.eu\/terms\/\",\"url\":\"https:\/\/ensure-project.eu\/terms\/\",\"name\":\"Terms of Use - Ensure\",\"isPartOf\":{\"@id\":\"https:\/\/ensure-project.eu\/#website\"},\"primaryImageOfPage\":{\"@id\":\"https:\/\/ensure-project.eu\/terms\/#primaryimage\"},\"image\":{\"@id\":\"https:\/\/ensure-project.eu\/terms\/#primaryimage\"},\"thumbnailUrl\":\"https:\/\/ensure-project.eu\/wp-content\/uploads\/2025\/04\/slide4.jpg\",\"datePublished\":\"2025-04-28T16:04:49+00:00\",\"dateModified\":\"2025-05-03T06:17:32+00:00\",\"breadcrumb\":{\"@id\":\"https:\/\/ensure-project.eu\/terms\/#breadcrumb\"},\"inLanguage\":\"de\",\"potentialAction\":[{\"@type\":\"ReadAction\",\"target\":[\"https:\/\/ensure-project.eu\/terms\/\"]}]},{\"@type\":\"ImageObject\",\"inLanguage\":\"de\",\"@id\":\"https:\/\/ensure-project.eu\/terms\/#primaryimage\",\"url\":\"https:\/\/ensure-project.eu\/wp-content\/uploads\/2025\/04\/slide4.jpg\",\"contentUrl\":\"https:\/\/ensure-project.eu\/wp-content\/uploads\/2025\/04\/slide4.jpg\"},{\"@type\":\"BreadcrumbList\",\"@id\":\"https:\/\/ensure-project.eu\/terms\/#breadcrumb\",\"itemListElement\":[{\"@type\":\"ListItem\",\"position\":1,\"name\":\"Home\",\"item\":\"https:\/\/ensure-project.eu\/\"},{\"@type\":\"ListItem\",\"position\":2,\"name\":\"Terms of Use\"}]},{\"@type\":\"WebSite\",\"@id\":\"https:\/\/ensure-project.eu\/#website\",\"url\":\"https:\/\/ensure-project.eu\/\",\"name\":\"Ensure\",\"description\":\"\",\"potentialAction\":[{\"@type\":\"SearchAction\",\"target\":{\"@type\":\"EntryPoint\",\"urlTemplate\":\"https:\/\/ensure-project.eu\/?s={search_term_string}\"},\"query-input\":{\"@type\":\"PropertyValueSpecification\",\"valueRequired\":true,\"valueName\":\"search_term_string\"}}],\"inLanguage\":\"de\"}]}<\/script>\n<!-- \/ Yoast SEO plugin. -->","yoast_head_json":{"title":"Terms of Use - Ensure","robots":{"index":"index","follow":"follow","max-snippet":"max-snippet:-1","max-image-preview":"max-image-preview:large","max-video-preview":"max-video-preview:-1"},"canonical":"https:\/\/ensure-project.eu\/de\/terms\/","og_locale":"de_DE","og_type":"article","og_title":"Terms of Use - Ensure","og_description":"Terms of Use Acceptance of Terms By","og_url":"https:\/\/ensure-project.eu\/de\/terms\/","og_site_name":"Ensure","article_modified_time":"2025-05-03T06:17:32+00:00","og_image":[{"width":2031,"height":367,"url":"https:\/\/ensure-project.eu\/wp-content\/uploads\/2025\/04\/slide4.jpg","type":"image\/jpeg"}],"twitter_card":"summary_large_image","twitter_misc":{"Gesch\u00e4tzte Lesezeit":"2\u00a0Minuten"},"schema":{"@context":"https:\/\/schema.org","@graph":[{"@type":"WebPage","@id":"https:\/\/ensure-project.eu\/terms\/","url":"https:\/\/ensure-project.eu\/terms\/","name":"Terms of Use - Ensure","isPartOf":{"@id":"https:\/\/ensure-project.eu\/#website"},"primaryImageOfPage":{"@id":"https:\/\/ensure-project.eu\/terms\/#primaryimage"},"image":{"@id":"https:\/\/ensure-project.eu\/terms\/#primaryimage"},"thumbnailUrl":"https:\/\/ensure-project.eu\/wp-content\/uploads\/2025\/04\/slide4.jpg","datePublished":"2025-04-28T16:04:49+00:00","dateModified":"2025-05-03T06:17:32+00:00","breadcrumb":{"@id":"https:\/\/ensure-project.eu\/terms\/#breadcrumb"},"inLanguage":"de","potentialAction":[{"@type":"ReadAction","target":["https:\/\/ensure-project.eu\/terms\/"]}]},{"@type":"ImageObject","inLanguage":"de","@id":"https:\/\/ensure-project.eu\/terms\/#primaryimage","url":"https:\/\/ensure-project.eu\/wp-content\/uploads\/2025\/04\/slide4.jpg","contentUrl":"https:\/\/ensure-project.eu\/wp-content\/uploads\/2025\/04\/slide4.jpg"},{"@type":"BreadcrumbList","@id":"https:\/\/ensure-project.eu\/terms\/#breadcrumb","itemListElement":[{"@type":"ListItem","position":1,"name":"Home","item":"https:\/\/ensure-project.eu\/"},{"@type":"ListItem","position":2,"name":"Terms of Use"}]},{"@type":"WebSite","@id":"https:\/\/ensure-project.eu\/#website","url":"https:\/\/ensure-project.eu\/","name":"Ensure","description":"","potentialAction":[{"@type":"SearchAction","target":{"@type":"EntryPoint","urlTemplate":"https:\/\/ensure-project.eu\/?s={search_term_string}"},"query-input":{"@type":"PropertyValueSpecification","valueRequired":true,"valueName":"search_term_string"}}],"inLanguage":"de"}]}},"uagb_featured_image_src":{"full":false,"thumbnail":false,"medium":false,"medium_large":false,"large":false,"1536x1536":false,"2048x2048":false,"trp-custom-language-flag":false,"depicter-thumbnail":false},"uagb_author_info":{"display_name":"admin","author_link":"https:\/\/ensure-project.eu\/de\/author\/ensureadmn\/"},"uagb_comment_info":0,"uagb_excerpt":"Terms of Use Acceptance of Terms By","_links":{"self":[{"href":"https:\/\/ensure-project.eu\/de\/wp-json\/wp\/v2\/pages\/257","targetHints":{"allow":["GET"]}}],"collection":[{"href":"https:\/\/ensure-project.eu\/de\/wp-json\/wp\/v2\/pages"}],"about":[{"href":"https:\/\/ensure-project.eu\/de\/wp-json\/wp\/v2\/types\/page"}],"author":[{"embeddable":true,"href":"https:\/\/ensure-project.eu\/de\/wp-json\/wp\/v2\/users\/1"}],"replies":[{"embeddable":true,"href":"https:\/\/ensure-project.eu\/de\/wp-json\/wp\/v2\/comments?post=257"}],"version-history":[{"count":0,"href":"https:\/\/ensure-project.eu\/de\/wp-json\/wp\/v2\/pages\/257\/revisions"}],"wp:attachment":[{"href":"https:\/\/ensure-project.eu\/de\/wp-json\/wp\/v2\/media?parent=257"}],"curies":[{"name":"wp","href":"https:\/\/api.w.org\/{rel}","templated":true}]}}