{"id":257,"date":"2025-04-28T19:04:49","date_gmt":"2025-04-28T16:04:49","guid":{"rendered":"https:\/\/ensure-project.eu\/?page_id=257"},"modified":"2025-05-03T09:17:32","modified_gmt":"2025-05-03T06:17:32","slug":"terms","status":"publish","type":"page","link":"https:\/\/ensure-project.eu\/es\/terms\/","title":{"rendered":"Condiciones de Uso"},"content":{"rendered":"<div class=\"wp-block-uagb-container section-img uagb-block-4e28198a alignfull uagb-is-root-container\">\n<figure class=\"wp-block-image size-full\"><img loading=\"lazy\" decoding=\"async\" width=\"2031\" height=\"367\" src=\"https:\/\/ensure-project.eu\/wp-content\/uploads\/2025\/04\/slide4.jpg\" alt=\"slide4\" class=\"wp-image-185\" srcset=\"https:\/\/ensure-project.eu\/wp-content\/uploads\/2025\/04\/slide4.jpg 2031w, https:\/\/ensure-project.eu\/wp-content\/uploads\/2025\/04\/slide4-650x117.jpg 650w, https:\/\/ensure-project.eu\/wp-content\/uploads\/2025\/04\/slide4-1280x231.jpg 1280w, https:\/\/ensure-project.eu\/wp-content\/uploads\/2025\/04\/slide4-768x139.jpg 768w, https:\/\/ensure-project.eu\/wp-content\/uploads\/2025\/04\/slide4-1536x278.jpg 1536w, https:\/\/ensure-project.eu\/wp-content\/uploads\/2025\/04\/slide4-200x36.jpg 200w\" sizes=\"auto, (max-width: 2031px) 100vw, 2031px\" \/><\/figure>\n<\/div>\n\n\n\n<div class=\"wp-block-uagb-container main-page-lightblue uagb-block-da431a8e alignfull uagb-is-root-container\">\n<h2 class=\"wp-block-heading\">Condiciones de Uso<\/h2>\n\n\n\n<p>Aceptaci\u00f3n de los T\u00e9rminos<br><br>Al acceder y utilizar el sitio web de ENSURE, usted acepta estos T\u00e9rminos de Uso. Si no est\u00e1 de acuerdo, le rogamos que se abstenga de utilizar el sitio. Estos t\u00e9rminos pueden actualizarse peri\u00f3dicamente, y el uso continuado del sitio implica la aceptaci\u00f3n de cualquier cambio.<\/p>\n\n\n\n<p>Liability for Content<br><br>ENSURE project content is created and managed by consortium partners. We ensure accuracy but hold no liability for unintended inaccuracies. Third-party content, clearly marked as such, remains the responsibility of respective third parties.<\/p>\n\n\n\n<p>Enlaces Externos<br><br>El sitio web de ENSURE incluye enlaces a sitios web externos. No asumimos ninguna responsabilidad sobre el contenido de dichos sitios y recomendamos consultar sus respectivos t\u00e9rminos de uso y pol\u00edticas de privacidad.<\/p>\n\n\n\n<p>Propiedad Intelectual<br><br>Todo el contenido publicado en el sitio web de ENSURE est\u00e1 protegido por las leyes de derechos de autor de Grecia y por normativa internacional. Cualquier duplicaci\u00f3n, modificaci\u00f3n, distribuci\u00f3n o uso no autorizado requiere el consentimiento expreso y por escrito de ENSURE o del autor correspondiente.<\/p>\n\n\n\n<p>Uso de Informaci\u00f3n Personal<br><br>Los datos personales proporcionados en este sitio se utilizar\u00e1n exclusivamente para fines relacionados con el proyecto ENSURE y no podr\u00e1n emplearse con otros prop\u00f3sitos. Para consultas sobre el uso de datos personales, por favor contacte al Coordinador del Proyecto ENSURE.<\/p>\n\n\n\n<p>Conducta del Usuario<br><br>Los usuarios se comprometen a utilizar el sitio web de ENSURE de manera l\u00edcita y \u00e9tica. Se proh\u00edbe expresamente la publicaci\u00f3n de contenido:<\/p>\n\n\n\n<p class=\"translation-block\">Difamatorio o amenazante.<br>Ilegal o enga\u00f1oso.<br>Que infrinja derechos de propiedad intelectual.<br>Ofensivo, obsceno o de car\u00e1cter pol\u00edtico partidista.<br>Publicitario o con fines comerciales.<br>Las violaciones podr\u00e1n dar lugar a la restricci\u00f3n del acceso o a acciones legales correspondientes.<\/p>\n\n\n\n<p class=\"translation-block\">Contacto<br><br>Coordinador del Proyecto ENSURE<br>Universidad de Patras, Grecia<br>info@ensure-project.eu<\/p>\n<\/div>","protected":false},"excerpt":{"rendered":"<p>Terms of Use Acceptance of Terms By<\/p>","protected":false},"author":1,"featured_media":0,"parent":0,"menu_order":0,"comment_status":"closed","ping_status":"closed","template":"page-fluid.php","meta":{"_uag_custom_page_level_css":"","footnotes":""},"class_list":["post-257","page","type-page","status-publish","hentry"],"yoast_head":"<!-- This site is optimized with the Yoast SEO plugin v24.9 - https:\/\/yoast.com\/wordpress\/plugins\/seo\/ -->\n<title>Terms of Use - Ensure<\/title>\n<meta name=\"robots\" content=\"index, follow, max-snippet:-1, max-image-preview:large, max-video-preview:-1\" \/>\n<link rel=\"canonical\" href=\"https:\/\/ensure-project.eu\/es\/terms\/\" \/>\n<meta property=\"og:locale\" content=\"es_ES\" \/>\n<meta property=\"og:type\" content=\"article\" \/>\n<meta property=\"og:title\" content=\"Terms of Use - Ensure\" \/>\n<meta property=\"og:description\" content=\"Terms of Use Acceptance of Terms By\" \/>\n<meta property=\"og:url\" content=\"https:\/\/ensure-project.eu\/es\/terms\/\" \/>\n<meta property=\"og:site_name\" content=\"Ensure\" \/>\n<meta property=\"article:modified_time\" content=\"2025-05-03T06:17:32+00:00\" \/>\n<meta property=\"og:image\" content=\"https:\/\/ensure-project.eu\/wp-content\/uploads\/2025\/04\/slide4.jpg\" \/>\n\t<meta property=\"og:image:width\" content=\"2031\" \/>\n\t<meta property=\"og:image:height\" content=\"367\" \/>\n\t<meta property=\"og:image:type\" content=\"image\/jpeg\" \/>\n<meta name=\"twitter:card\" content=\"summary_large_image\" \/>\n<meta name=\"twitter:label1\" content=\"Tiempo de lectura\" \/>\n\t<meta name=\"twitter:data1\" content=\"2 minutos\" \/>\n<script type=\"application\/ld+json\" class=\"yoast-schema-graph\">{\"@context\":\"https:\/\/schema.org\",\"@graph\":[{\"@type\":\"WebPage\",\"@id\":\"https:\/\/ensure-project.eu\/terms\/\",\"url\":\"https:\/\/ensure-project.eu\/terms\/\",\"name\":\"Terms of Use - Ensure\",\"isPartOf\":{\"@id\":\"https:\/\/ensure-project.eu\/#website\"},\"primaryImageOfPage\":{\"@id\":\"https:\/\/ensure-project.eu\/terms\/#primaryimage\"},\"image\":{\"@id\":\"https:\/\/ensure-project.eu\/terms\/#primaryimage\"},\"thumbnailUrl\":\"https:\/\/ensure-project.eu\/wp-content\/uploads\/2025\/04\/slide4.jpg\",\"datePublished\":\"2025-04-28T16:04:49+00:00\",\"dateModified\":\"2025-05-03T06:17:32+00:00\",\"breadcrumb\":{\"@id\":\"https:\/\/ensure-project.eu\/terms\/#breadcrumb\"},\"inLanguage\":\"es\",\"potentialAction\":[{\"@type\":\"ReadAction\",\"target\":[\"https:\/\/ensure-project.eu\/terms\/\"]}]},{\"@type\":\"ImageObject\",\"inLanguage\":\"es\",\"@id\":\"https:\/\/ensure-project.eu\/terms\/#primaryimage\",\"url\":\"https:\/\/ensure-project.eu\/wp-content\/uploads\/2025\/04\/slide4.jpg\",\"contentUrl\":\"https:\/\/ensure-project.eu\/wp-content\/uploads\/2025\/04\/slide4.jpg\"},{\"@type\":\"BreadcrumbList\",\"@id\":\"https:\/\/ensure-project.eu\/terms\/#breadcrumb\",\"itemListElement\":[{\"@type\":\"ListItem\",\"position\":1,\"name\":\"Home\",\"item\":\"https:\/\/ensure-project.eu\/\"},{\"@type\":\"ListItem\",\"position\":2,\"name\":\"Terms of Use\"}]},{\"@type\":\"WebSite\",\"@id\":\"https:\/\/ensure-project.eu\/#website\",\"url\":\"https:\/\/ensure-project.eu\/\",\"name\":\"Ensure\",\"description\":\"\",\"potentialAction\":[{\"@type\":\"SearchAction\",\"target\":{\"@type\":\"EntryPoint\",\"urlTemplate\":\"https:\/\/ensure-project.eu\/?s={search_term_string}\"},\"query-input\":{\"@type\":\"PropertyValueSpecification\",\"valueRequired\":true,\"valueName\":\"search_term_string\"}}],\"inLanguage\":\"es\"}]}<\/script>\n<!-- \/ Yoast SEO plugin. -->","yoast_head_json":{"title":"Terms of Use - Ensure","robots":{"index":"index","follow":"follow","max-snippet":"max-snippet:-1","max-image-preview":"max-image-preview:large","max-video-preview":"max-video-preview:-1"},"canonical":"https:\/\/ensure-project.eu\/es\/terms\/","og_locale":"es_ES","og_type":"article","og_title":"Terms of Use - Ensure","og_description":"Terms of Use Acceptance of Terms By","og_url":"https:\/\/ensure-project.eu\/es\/terms\/","og_site_name":"Ensure","article_modified_time":"2025-05-03T06:17:32+00:00","og_image":[{"width":2031,"height":367,"url":"https:\/\/ensure-project.eu\/wp-content\/uploads\/2025\/04\/slide4.jpg","type":"image\/jpeg"}],"twitter_card":"summary_large_image","twitter_misc":{"Tiempo de lectura":"2 minutos"},"schema":{"@context":"https:\/\/schema.org","@graph":[{"@type":"WebPage","@id":"https:\/\/ensure-project.eu\/terms\/","url":"https:\/\/ensure-project.eu\/terms\/","name":"Terms of Use - Ensure","isPartOf":{"@id":"https:\/\/ensure-project.eu\/#website"},"primaryImageOfPage":{"@id":"https:\/\/ensure-project.eu\/terms\/#primaryimage"},"image":{"@id":"https:\/\/ensure-project.eu\/terms\/#primaryimage"},"thumbnailUrl":"https:\/\/ensure-project.eu\/wp-content\/uploads\/2025\/04\/slide4.jpg","datePublished":"2025-04-28T16:04:49+00:00","dateModified":"2025-05-03T06:17:32+00:00","breadcrumb":{"@id":"https:\/\/ensure-project.eu\/terms\/#breadcrumb"},"inLanguage":"es","potentialAction":[{"@type":"ReadAction","target":["https:\/\/ensure-project.eu\/terms\/"]}]},{"@type":"ImageObject","inLanguage":"es","@id":"https:\/\/ensure-project.eu\/terms\/#primaryimage","url":"https:\/\/ensure-project.eu\/wp-content\/uploads\/2025\/04\/slide4.jpg","contentUrl":"https:\/\/ensure-project.eu\/wp-content\/uploads\/2025\/04\/slide4.jpg"},{"@type":"BreadcrumbList","@id":"https:\/\/ensure-project.eu\/terms\/#breadcrumb","itemListElement":[{"@type":"ListItem","position":1,"name":"Home","item":"https:\/\/ensure-project.eu\/"},{"@type":"ListItem","position":2,"name":"Terms of Use"}]},{"@type":"WebSite","@id":"https:\/\/ensure-project.eu\/#website","url":"https:\/\/ensure-project.eu\/","name":"Ensure","description":"","potentialAction":[{"@type":"SearchAction","target":{"@type":"EntryPoint","urlTemplate":"https:\/\/ensure-project.eu\/?s={search_term_string}"},"query-input":{"@type":"PropertyValueSpecification","valueRequired":true,"valueName":"search_term_string"}}],"inLanguage":"es"}]}},"uagb_featured_image_src":{"full":false,"thumbnail":false,"medium":false,"medium_large":false,"large":false,"1536x1536":false,"2048x2048":false,"trp-custom-language-flag":false,"depicter-thumbnail":false},"uagb_author_info":{"display_name":"admin","author_link":"https:\/\/ensure-project.eu\/es\/author\/ensureadmn\/"},"uagb_comment_info":0,"uagb_excerpt":"Terms of Use Acceptance of Terms By","_links":{"self":[{"href":"https:\/\/ensure-project.eu\/es\/wp-json\/wp\/v2\/pages\/257","targetHints":{"allow":["GET"]}}],"collection":[{"href":"https:\/\/ensure-project.eu\/es\/wp-json\/wp\/v2\/pages"}],"about":[{"href":"https:\/\/ensure-project.eu\/es\/wp-json\/wp\/v2\/types\/page"}],"author":[{"embeddable":true,"href":"https:\/\/ensure-project.eu\/es\/wp-json\/wp\/v2\/users\/1"}],"replies":[{"embeddable":true,"href":"https:\/\/ensure-project.eu\/es\/wp-json\/wp\/v2\/comments?post=257"}],"version-history":[{"count":0,"href":"https:\/\/ensure-project.eu\/es\/wp-json\/wp\/v2\/pages\/257\/revisions"}],"wp:attachment":[{"href":"https:\/\/ensure-project.eu\/es\/wp-json\/wp\/v2\/media?parent=257"}],"curies":[{"name":"wp","href":"https:\/\/api.w.org\/{rel}","templated":true}]}}