{"id":15,"date":"2025-04-06T18:10:33","date_gmt":"2025-04-06T15:10:33","guid":{"rendered":"https:\/\/ensure-project.eu\/?page_id=15"},"modified":"2025-04-13T00:01:48","modified_gmt":"2025-04-12T21:01:48","slug":"contact-us","status":"publish","type":"page","link":"https:\/\/ensure-project.eu\/fr\/contact-us\/","title":{"rendered":"Nous contacter"},"content":{"rendered":"<div class=\"wp-block-uagb-container section-img uagb-block-4e28198a alignfull uagb-is-root-container\">\n<figure class=\"wp-block-image size-full\"><img loading=\"lazy\" decoding=\"async\" width=\"2206\" height=\"394\" src=\"https:\/\/ensure-project.eu\/wp-content\/uploads\/2025\/04\/contact.jpg\" alt=\"contact\" class=\"wp-image-213\" srcset=\"https:\/\/ensure-project.eu\/wp-content\/uploads\/2025\/04\/contact.jpg 2206w, https:\/\/ensure-project.eu\/wp-content\/uploads\/2025\/04\/contact-650x116.jpg 650w, https:\/\/ensure-project.eu\/wp-content\/uploads\/2025\/04\/contact-1280x229.jpg 1280w, https:\/\/ensure-project.eu\/wp-content\/uploads\/2025\/04\/contact-768x137.jpg 768w, https:\/\/ensure-project.eu\/wp-content\/uploads\/2025\/04\/contact-1536x274.jpg 1536w, https:\/\/ensure-project.eu\/wp-content\/uploads\/2025\/04\/contact-2048x366.jpg 2048w, https:\/\/ensure-project.eu\/wp-content\/uploads\/2025\/04\/contact-200x36.jpg 200w\" sizes=\"auto, (max-width: 2206px) 100vw, 2206px\" \/><\/figure>\n<\/div>\n\n\n\n<div class=\"wp-block-uagb-container main-section-transparent uagb-block-5662d12e alignfull uagb-is-root-container\">\n<h2 class=\"wp-block-heading has-text-align-center\">Nous contacter<\/h2>\n\n\n\n<p class=\"translation-block\">Pour toute question, opportunit\u00e9 de partenariat ou information compl\u00e9mentaire sur le projet ENSURE, merci de contacter l'\u00e9tablissement coordinateur :<br><br>Universit\u00e9 de Patras<br>University Campus Rio Patras<br>Rio, Patras 265 04, Greece<br><br>Email: info@ensure-project.eu<\/p>\n<\/div>\n\n\n\n<div class=\"wp-block-uagb-container main-section-light-purple uagb-block-4de77ac4 alignfull uagb-is-root-container\">\n<h4 class=\"wp-block-heading\">We&#8217;d love to hear from you<\/h4>\n\n\n\n<div class=\"wp-block-contact-form-7-contact-form-selector\">\n<div class=\"wpcf7 no-js\" id=\"wpcf7-f4-o1\" lang=\"en-GB\" dir=\"ltr\" data-wpcf7-id=\"4\">\n<div class=\"screen-reader-response\"><p role=\"status\" aria-live=\"polite\" aria-atomic=\"true\"><\/p> <ul><\/ul><\/div>\n<form action=\"\/fr\/wp-json\/wp\/v2\/pages\/15#wpcf7-f4-o1\" method=\"post\" class=\"wpcf7-form init\" aria-label=\"Contact form\" novalidate=\"novalidate\" data-status=\"init\" data-trp-original-action=\"\/fr\/wp-json\/wp\/v2\/pages\/15#wpcf7-f4-o1\">\n<div style=\"display: none;\">\n<input type=\"hidden\" name=\"_wpcf7\" value=\"4\" \/>\n<input type=\"hidden\" name=\"_wpcf7_version\" value=\"6.0.6\" \/>\n<input type=\"hidden\" name=\"_wpcf7_locale\" value=\"en_GB\" \/>\n<input type=\"hidden\" name=\"_wpcf7_unit_tag\" value=\"wpcf7-f4-o1\" \/>\n<input type=\"hidden\" name=\"_wpcf7_container_post\" value=\"0\" \/>\n<input type=\"hidden\" name=\"_wpcf7_posted_data_hash\" value=\"\" \/>\n<\/div>\n<p><label> <span class='asterisk'>*<\/span> \u039dame<br \/>\n<span class=\"wpcf7-form-control-wrap\" data-name=\"your-name\"><input size=\"40\" maxlength=\"400\" class=\"wpcf7-form-control wpcf7-text wpcf7-validates-as-required\" autocomplete=\"name\" aria-required=\"true\" aria-invalid=\"false\" placeholder=\"Name\" value=\"\" type=\"text\" name=\"your-name\" \/><\/span> <\/label>\n<\/p>\n<p><label> <span class='asterisk'>*<\/span> \u0395mail<br \/>\n<span class=\"wpcf7-form-control-wrap\" data-name=\"your-email\"><input size=\"40\" maxlength=\"400\" class=\"wpcf7-form-control wpcf7-email wpcf7-validates-as-required wpcf7-text wpcf7-validates-as-email\" autocomplete=\"email\" aria-required=\"true\" aria-invalid=\"false\" placeholder=\"Email\" value=\"\" type=\"email\" name=\"your-email\" \/><\/span> <\/label>\n<\/p>\n<p><label> Company Name<br \/>\n<span class=\"wpcf7-form-control-wrap\" data-name=\"text-819\"><input size=\"40\" maxlength=\"400\" class=\"wpcf7-form-control wpcf7-text\" aria-invalid=\"false\" placeholder=\"Company name\" value=\"\" type=\"text\" name=\"text-819\" \/><\/span> <\/label>\n<\/p>\n<p><label> <span class='asterisk'>*<\/span> Message<br \/>\n<span class=\"wpcf7-form-control-wrap\" data-name=\"your-message\"><textarea cols=\"40\" rows=\"10\" maxlength=\"2000\" class=\"wpcf7-form-control wpcf7-textarea wpcf7-validates-as-required\" aria-required=\"true\" aria-invalid=\"false\" placeholder=\"Message\" name=\"your-message\"><\/textarea><\/span> <\/label>\n<\/p>\n<p><div class=\"cf7-cf-turnstile\" style=\"margin-top: 0px; margin-bottom: -15px;\"> <div id=\"cf-turnstile-cf7-1342567301\" class=\"cf-turnstile\" data-sitekey=\"0x4AAAAAAA1oDuOWo17iskyk\" data-theme=\"light\" data-language=\"auto\" data-size=\"normal\" data-retry=\"auto\" data-retry-interval=\"1000\" data-action=\"contact-form-7\" data-appearance=\"always\"><\/div> <script>document.addEventListener(\"DOMContentLoaded\", function() { setTimeout(function(){ var e=document.getElementById(\"cf-turnstile-cf7-1342567301\"); e&&!e.innerHTML.trim()&&(turnstile.remove(\"#cf-turnstile-cf7-1342567301\"), turnstile.render(\"#cf-turnstile-cf7-1342567301\", {sitekey:\"0x4AAAAAAA1oDuOWo17iskyk\"})); }, 0); });<\/script> <br class=\"cf-turnstile-br cf-turnstile-br-cf7-1342567301\"> <style>#cf-turnstile-cf7-1342567301 { margin-left: -15px; }<\/style> <script>document.addEventListener(\"DOMContentLoaded\",function(){document.querySelectorAll('.wpcf7-form').forEach(function(e){e.addEventListener('submit',function(){if(document.getElementById('cf-turnstile-cf7-1342567301')){setTimeout(function(){turnstile.reset('#cf-turnstile-cf7-1342567301');},1000)}})})});<\/script> <\/div><br\/><input class=\"wpcf7-form-control wpcf7-submit has-spinner\" type=\"submit\" value=\"Submit\" \/>\n<\/p><div class=\"wpcf7-response-output\" aria-hidden=\"true\"><\/div>\n<input type=\"hidden\" name=\"trp-form-language\" value=\"fr\"\/><\/form>\n<\/div>\n<\/div>\n<\/div>","protected":false},"excerpt":{"rendered":"<p>Contact Us For inquiries, partnership opportunities, or<\/p>","protected":false},"author":1,"featured_media":0,"parent":0,"menu_order":0,"comment_status":"closed","ping_status":"closed","template":"page-fluid.php","meta":{"_uag_custom_page_level_css":"","footnotes":""},"class_list":["post-15","page","type-page","status-publish","hentry"],"yoast_head":"<!-- This site is optimized with the Yoast SEO plugin v24.9 - https:\/\/yoast.com\/wordpress\/plugins\/seo\/ -->\n<title>Contact Us - Ensure<\/title>\n<meta name=\"robots\" content=\"index, follow, max-snippet:-1, max-image-preview:large, max-video-preview:-1\" \/>\n<link rel=\"canonical\" href=\"https:\/\/ensure-project.eu\/fr\/contact-us\/\" \/>\n<meta property=\"og:locale\" content=\"fr_FR\" \/>\n<meta property=\"og:type\" content=\"article\" \/>\n<meta property=\"og:title\" content=\"Contact Us - Ensure\" \/>\n<meta property=\"og:description\" content=\"Contact Us For inquiries, partnership opportunities, or\" \/>\n<meta property=\"og:url\" content=\"https:\/\/ensure-project.eu\/fr\/contact-us\/\" \/>\n<meta property=\"og:site_name\" content=\"Ensure\" \/>\n<meta property=\"article:modified_time\" content=\"2025-04-12T21:01:48+00:00\" \/>\n<meta property=\"og:image\" content=\"https:\/\/ensure-project.eu\/wp-content\/uploads\/2025\/04\/contact.jpg\" \/>\n\t<meta property=\"og:image:width\" content=\"2206\" \/>\n\t<meta property=\"og:image:height\" content=\"394\" \/>\n\t<meta property=\"og:image:type\" content=\"image\/jpeg\" \/>\n<meta name=\"twitter:card\" content=\"summary_large_image\" \/>\n<meta name=\"twitter:label1\" content=\"Dur\u00e9e de lecture estim\u00e9e\" \/>\n\t<meta name=\"twitter:data1\" content=\"1 minute\" \/>\n<script type=\"application\/ld+json\" class=\"yoast-schema-graph\">{\"@context\":\"https:\/\/schema.org\",\"@graph\":[{\"@type\":\"WebPage\",\"@id\":\"https:\/\/ensure-project.eu\/contact-us\/\",\"url\":\"https:\/\/ensure-project.eu\/contact-us\/\",\"name\":\"Contact Us - Ensure\",\"isPartOf\":{\"@id\":\"https:\/\/ensure-project.eu\/#website\"},\"primaryImageOfPage\":{\"@id\":\"https:\/\/ensure-project.eu\/contact-us\/#primaryimage\"},\"image\":{\"@id\":\"https:\/\/ensure-project.eu\/contact-us\/#primaryimage\"},\"thumbnailUrl\":\"https:\/\/ensure-project.eu\/wp-content\/uploads\/2025\/04\/contact.jpg\",\"datePublished\":\"2025-04-06T15:10:33+00:00\",\"dateModified\":\"2025-04-12T21:01:48+00:00\",\"breadcrumb\":{\"@id\":\"https:\/\/ensure-project.eu\/contact-us\/#breadcrumb\"},\"inLanguage\":\"fr-FR\",\"potentialAction\":[{\"@type\":\"ReadAction\",\"target\":[\"https:\/\/ensure-project.eu\/contact-us\/\"]}]},{\"@type\":\"ImageObject\",\"inLanguage\":\"fr-FR\",\"@id\":\"https:\/\/ensure-project.eu\/contact-us\/#primaryimage\",\"url\":\"https:\/\/ensure-project.eu\/wp-content\/uploads\/2025\/04\/contact.jpg\",\"contentUrl\":\"https:\/\/ensure-project.eu\/wp-content\/uploads\/2025\/04\/contact.jpg\"},{\"@type\":\"BreadcrumbList\",\"@id\":\"https:\/\/ensure-project.eu\/contact-us\/#breadcrumb\",\"itemListElement\":[{\"@type\":\"ListItem\",\"position\":1,\"name\":\"Home\",\"item\":\"https:\/\/ensure-project.eu\/\"},{\"@type\":\"ListItem\",\"position\":2,\"name\":\"Contact Us\"}]},{\"@type\":\"WebSite\",\"@id\":\"https:\/\/ensure-project.eu\/#website\",\"url\":\"https:\/\/ensure-project.eu\/\",\"name\":\"Ensure\",\"description\":\"\",\"potentialAction\":[{\"@type\":\"SearchAction\",\"target\":{\"@type\":\"EntryPoint\",\"urlTemplate\":\"https:\/\/ensure-project.eu\/?s={search_term_string}\"},\"query-input\":{\"@type\":\"PropertyValueSpecification\",\"valueRequired\":true,\"valueName\":\"search_term_string\"}}],\"inLanguage\":\"fr-FR\"}]}<\/script>\n<!-- \/ Yoast SEO plugin. -->","yoast_head_json":{"title":"Contact Us - Ensure","robots":{"index":"index","follow":"follow","max-snippet":"max-snippet:-1","max-image-preview":"max-image-preview:large","max-video-preview":"max-video-preview:-1"},"canonical":"https:\/\/ensure-project.eu\/fr\/contact-us\/","og_locale":"fr_FR","og_type":"article","og_title":"Contact Us - Ensure","og_description":"Contact Us For inquiries, partnership opportunities, or","og_url":"https:\/\/ensure-project.eu\/fr\/contact-us\/","og_site_name":"Ensure","article_modified_time":"2025-04-12T21:01:48+00:00","og_image":[{"width":2206,"height":394,"url":"https:\/\/ensure-project.eu\/wp-content\/uploads\/2025\/04\/contact.jpg","type":"image\/jpeg"}],"twitter_card":"summary_large_image","twitter_misc":{"Dur\u00e9e de lecture estim\u00e9e":"1 minute"},"schema":{"@context":"https:\/\/schema.org","@graph":[{"@type":"WebPage","@id":"https:\/\/ensure-project.eu\/contact-us\/","url":"https:\/\/ensure-project.eu\/contact-us\/","name":"Contact Us - Ensure","isPartOf":{"@id":"https:\/\/ensure-project.eu\/#website"},"primaryImageOfPage":{"@id":"https:\/\/ensure-project.eu\/contact-us\/#primaryimage"},"image":{"@id":"https:\/\/ensure-project.eu\/contact-us\/#primaryimage"},"thumbnailUrl":"https:\/\/ensure-project.eu\/wp-content\/uploads\/2025\/04\/contact.jpg","datePublished":"2025-04-06T15:10:33+00:00","dateModified":"2025-04-12T21:01:48+00:00","breadcrumb":{"@id":"https:\/\/ensure-project.eu\/contact-us\/#breadcrumb"},"inLanguage":"fr-FR","potentialAction":[{"@type":"ReadAction","target":["https:\/\/ensure-project.eu\/contact-us\/"]}]},{"@type":"ImageObject","inLanguage":"fr-FR","@id":"https:\/\/ensure-project.eu\/contact-us\/#primaryimage","url":"https:\/\/ensure-project.eu\/wp-content\/uploads\/2025\/04\/contact.jpg","contentUrl":"https:\/\/ensure-project.eu\/wp-content\/uploads\/2025\/04\/contact.jpg"},{"@type":"BreadcrumbList","@id":"https:\/\/ensure-project.eu\/contact-us\/#breadcrumb","itemListElement":[{"@type":"ListItem","position":1,"name":"Home","item":"https:\/\/ensure-project.eu\/"},{"@type":"ListItem","position":2,"name":"Contact Us"}]},{"@type":"WebSite","@id":"https:\/\/ensure-project.eu\/#website","url":"https:\/\/ensure-project.eu\/","name":"Ensure","description":"","potentialAction":[{"@type":"SearchAction","target":{"@type":"EntryPoint","urlTemplate":"https:\/\/ensure-project.eu\/?s={search_term_string}"},"query-input":{"@type":"PropertyValueSpecification","valueRequired":true,"valueName":"search_term_string"}}],"inLanguage":"fr-FR"}]}},"uagb_featured_image_src":{"full":false,"thumbnail":false,"medium":false,"medium_large":false,"large":false,"1536x1536":false,"2048x2048":false,"trp-custom-language-flag":false,"depicter-thumbnail":false},"uagb_author_info":{"display_name":"admin","author_link":"https:\/\/ensure-project.eu\/fr\/author\/ensureadmn\/"},"uagb_comment_info":0,"uagb_excerpt":"Contact Us For inquiries, partnership opportunities, or","_links":{"self":[{"href":"https:\/\/ensure-project.eu\/fr\/wp-json\/wp\/v2\/pages\/15","targetHints":{"allow":["GET"]}}],"collection":[{"href":"https:\/\/ensure-project.eu\/fr\/wp-json\/wp\/v2\/pages"}],"about":[{"href":"https:\/\/ensure-project.eu\/fr\/wp-json\/wp\/v2\/types\/page"}],"author":[{"embeddable":true,"href":"https:\/\/ensure-project.eu\/fr\/wp-json\/wp\/v2\/users\/1"}],"replies":[{"embeddable":true,"href":"https:\/\/ensure-project.eu\/fr\/wp-json\/wp\/v2\/comments?post=15"}],"version-history":[{"count":0,"href":"https:\/\/ensure-project.eu\/fr\/wp-json\/wp\/v2\/pages\/15\/revisions"}],"wp:attachment":[{"href":"https:\/\/ensure-project.eu\/fr\/wp-json\/wp\/v2\/media?parent=15"}],"curies":[{"name":"wp","href":"https:\/\/api.w.org\/{rel}","templated":true}]}}