{"id":257,"date":"2025-04-28T19:04:49","date_gmt":"2025-04-28T16:04:49","guid":{"rendered":"https:\/\/ensure-project.eu\/?page_id=257"},"modified":"2025-05-03T09:17:32","modified_gmt":"2025-05-03T06:17:32","slug":"terms","status":"publish","type":"page","link":"https:\/\/ensure-project.eu\/fr\/terms\/","title":{"rendered":"Conditions d\u2019utilisation"},"content":{"rendered":"<div class=\"wp-block-uagb-container section-img uagb-block-4e28198a alignfull uagb-is-root-container\">\n<figure class=\"wp-block-image size-full\"><img loading=\"lazy\" decoding=\"async\" width=\"2031\" height=\"367\" src=\"https:\/\/ensure-project.eu\/wp-content\/uploads\/2025\/04\/slide4.jpg\" alt=\"slide4\" class=\"wp-image-185\" srcset=\"https:\/\/ensure-project.eu\/wp-content\/uploads\/2025\/04\/slide4.jpg 2031w, https:\/\/ensure-project.eu\/wp-content\/uploads\/2025\/04\/slide4-650x117.jpg 650w, https:\/\/ensure-project.eu\/wp-content\/uploads\/2025\/04\/slide4-1280x231.jpg 1280w, https:\/\/ensure-project.eu\/wp-content\/uploads\/2025\/04\/slide4-768x139.jpg 768w, https:\/\/ensure-project.eu\/wp-content\/uploads\/2025\/04\/slide4-1536x278.jpg 1536w, https:\/\/ensure-project.eu\/wp-content\/uploads\/2025\/04\/slide4-200x36.jpg 200w\" sizes=\"auto, (max-width: 2031px) 100vw, 2031px\" \/><\/figure>\n<\/div>\n\n\n\n<div class=\"wp-block-uagb-container main-page-lightblue uagb-block-da431a8e alignfull uagb-is-root-container\">\n<h2 class=\"wp-block-heading\">Conditions d\u2019utilisation<\/h2>\n\n\n\n<p>Acceptation des conditions<br><br>En acc\u00e9dant au site ENSURE, vous acceptez les pr\u00e9sentes conditions d\u2019utilisation. Si vous \u00eates en d\u00e9saccord, merci de ne pas utiliser le site. Ces conditions peuvent \u00eatre modifi\u00e9es, et votre usage continu constitue une acceptation des mises \u00e0 jour.<\/p>\n\n\n\n<p>Liability for Content<br><br>ENSURE project content is created and managed by consortium partners. We ensure accuracy but hold no liability for unintended inaccuracies. Third-party content, clearly marked as such, remains the responsibility of respective third parties.<\/p>\n\n\n\n<p>Liens externes<br><br>Le site ENSURE contient des liens vers d\u2019autres sites. Nous ne sommes pas responsables de leur contenu et vous recommandons de consulter leurs politiques respectives.<\/p>\n\n\n\n<p>Propri\u00e9t\u00e9 intellectuelle<br><br>Tous les contenus publi\u00e9s sur le site ENSURE sont prot\u00e9g\u00e9s par le droit d\u2019auteur grec et international. Toute reproduction, modification ou diffusion sans autorisation \u00e9crite est interdite.<\/p>\n\n\n\n<p>Utilisation des donn\u00e9es personnelles<br><br>Les informations personnelles collect\u00e9es sont utilis\u00e9es uniquement dans le cadre du projet ENSURE. Pour toute question \u00e0 ce sujet, veuillez contacter le coordinateur du projet.<\/p>\n\n\n\n<p>Comportement des utilisateurs<br><br>Les utilisateurs s\u2019engagent \u00e0 utiliser le site de mani\u00e8re l\u00e9gale et \u00e9thique. Les contenus suivants sont interdits :<\/p>\n\n\n\n<p class=\"translation-block\">Contenu diffamatoire ou mena\u00e7ant<br>Informations ill\u00e9gales ou trompeuses<br>Violations de propri\u00e9t\u00e9 intellectuelle<br>Contenu obsc\u00e8ne, offensant ou partisan<br>Publicit\u00e9 ou sollicitations commerciales<br>Toute violation pourra entra\u00eener un acc\u00e8s restreint ou des poursuites.<\/p>\n\n\n\n<p class=\"translation-block\">Contact :<br><br>Coordinateur du projet ENSURE<br>Universit\u00e9 de Patras, Gr\u00e8ce<br>info@ensure-project.eu<\/p>\n<\/div>","protected":false},"excerpt":{"rendered":"<p>Terms of Use Acceptance of Terms By<\/p>","protected":false},"author":1,"featured_media":0,"parent":0,"menu_order":0,"comment_status":"closed","ping_status":"closed","template":"page-fluid.php","meta":{"_uag_custom_page_level_css":"","footnotes":""},"class_list":["post-257","page","type-page","status-publish","hentry"],"yoast_head":"<!-- This site is optimized with the Yoast SEO plugin v24.9 - https:\/\/yoast.com\/wordpress\/plugins\/seo\/ -->\n<title>Terms of Use - Ensure<\/title>\n<meta name=\"robots\" content=\"index, follow, max-snippet:-1, max-image-preview:large, max-video-preview:-1\" \/>\n<link rel=\"canonical\" href=\"https:\/\/ensure-project.eu\/fr\/terms\/\" \/>\n<meta property=\"og:locale\" content=\"fr_FR\" \/>\n<meta property=\"og:type\" content=\"article\" \/>\n<meta property=\"og:title\" content=\"Terms of Use - Ensure\" \/>\n<meta property=\"og:description\" content=\"Terms of Use Acceptance of Terms By\" \/>\n<meta property=\"og:url\" content=\"https:\/\/ensure-project.eu\/fr\/terms\/\" \/>\n<meta property=\"og:site_name\" content=\"Ensure\" \/>\n<meta property=\"article:modified_time\" content=\"2025-05-03T06:17:32+00:00\" \/>\n<meta property=\"og:image\" content=\"https:\/\/ensure-project.eu\/wp-content\/uploads\/2025\/04\/slide4.jpg\" \/>\n\t<meta property=\"og:image:width\" content=\"2031\" \/>\n\t<meta property=\"og:image:height\" content=\"367\" \/>\n\t<meta property=\"og:image:type\" content=\"image\/jpeg\" \/>\n<meta name=\"twitter:card\" content=\"summary_large_image\" \/>\n<meta name=\"twitter:label1\" content=\"Dur\u00e9e de lecture estim\u00e9e\" \/>\n\t<meta name=\"twitter:data1\" content=\"2 minutes\" \/>\n<script type=\"application\/ld+json\" class=\"yoast-schema-graph\">{\"@context\":\"https:\/\/schema.org\",\"@graph\":[{\"@type\":\"WebPage\",\"@id\":\"https:\/\/ensure-project.eu\/terms\/\",\"url\":\"https:\/\/ensure-project.eu\/terms\/\",\"name\":\"Terms of Use - Ensure\",\"isPartOf\":{\"@id\":\"https:\/\/ensure-project.eu\/#website\"},\"primaryImageOfPage\":{\"@id\":\"https:\/\/ensure-project.eu\/terms\/#primaryimage\"},\"image\":{\"@id\":\"https:\/\/ensure-project.eu\/terms\/#primaryimage\"},\"thumbnailUrl\":\"https:\/\/ensure-project.eu\/wp-content\/uploads\/2025\/04\/slide4.jpg\",\"datePublished\":\"2025-04-28T16:04:49+00:00\",\"dateModified\":\"2025-05-03T06:17:32+00:00\",\"breadcrumb\":{\"@id\":\"https:\/\/ensure-project.eu\/terms\/#breadcrumb\"},\"inLanguage\":\"fr-FR\",\"potentialAction\":[{\"@type\":\"ReadAction\",\"target\":[\"https:\/\/ensure-project.eu\/terms\/\"]}]},{\"@type\":\"ImageObject\",\"inLanguage\":\"fr-FR\",\"@id\":\"https:\/\/ensure-project.eu\/terms\/#primaryimage\",\"url\":\"https:\/\/ensure-project.eu\/wp-content\/uploads\/2025\/04\/slide4.jpg\",\"contentUrl\":\"https:\/\/ensure-project.eu\/wp-content\/uploads\/2025\/04\/slide4.jpg\"},{\"@type\":\"BreadcrumbList\",\"@id\":\"https:\/\/ensure-project.eu\/terms\/#breadcrumb\",\"itemListElement\":[{\"@type\":\"ListItem\",\"position\":1,\"name\":\"Home\",\"item\":\"https:\/\/ensure-project.eu\/\"},{\"@type\":\"ListItem\",\"position\":2,\"name\":\"Terms of Use\"}]},{\"@type\":\"WebSite\",\"@id\":\"https:\/\/ensure-project.eu\/#website\",\"url\":\"https:\/\/ensure-project.eu\/\",\"name\":\"Ensure\",\"description\":\"\",\"potentialAction\":[{\"@type\":\"SearchAction\",\"target\":{\"@type\":\"EntryPoint\",\"urlTemplate\":\"https:\/\/ensure-project.eu\/?s={search_term_string}\"},\"query-input\":{\"@type\":\"PropertyValueSpecification\",\"valueRequired\":true,\"valueName\":\"search_term_string\"}}],\"inLanguage\":\"fr-FR\"}]}<\/script>\n<!-- \/ Yoast SEO plugin. -->","yoast_head_json":{"title":"Terms of Use - Ensure","robots":{"index":"index","follow":"follow","max-snippet":"max-snippet:-1","max-image-preview":"max-image-preview:large","max-video-preview":"max-video-preview:-1"},"canonical":"https:\/\/ensure-project.eu\/fr\/terms\/","og_locale":"fr_FR","og_type":"article","og_title":"Terms of Use - Ensure","og_description":"Terms of Use Acceptance of Terms By","og_url":"https:\/\/ensure-project.eu\/fr\/terms\/","og_site_name":"Ensure","article_modified_time":"2025-05-03T06:17:32+00:00","og_image":[{"width":2031,"height":367,"url":"https:\/\/ensure-project.eu\/wp-content\/uploads\/2025\/04\/slide4.jpg","type":"image\/jpeg"}],"twitter_card":"summary_large_image","twitter_misc":{"Dur\u00e9e de lecture estim\u00e9e":"2 minutes"},"schema":{"@context":"https:\/\/schema.org","@graph":[{"@type":"WebPage","@id":"https:\/\/ensure-project.eu\/terms\/","url":"https:\/\/ensure-project.eu\/terms\/","name":"Terms of Use - Ensure","isPartOf":{"@id":"https:\/\/ensure-project.eu\/#website"},"primaryImageOfPage":{"@id":"https:\/\/ensure-project.eu\/terms\/#primaryimage"},"image":{"@id":"https:\/\/ensure-project.eu\/terms\/#primaryimage"},"thumbnailUrl":"https:\/\/ensure-project.eu\/wp-content\/uploads\/2025\/04\/slide4.jpg","datePublished":"2025-04-28T16:04:49+00:00","dateModified":"2025-05-03T06:17:32+00:00","breadcrumb":{"@id":"https:\/\/ensure-project.eu\/terms\/#breadcrumb"},"inLanguage":"fr-FR","potentialAction":[{"@type":"ReadAction","target":["https:\/\/ensure-project.eu\/terms\/"]}]},{"@type":"ImageObject","inLanguage":"fr-FR","@id":"https:\/\/ensure-project.eu\/terms\/#primaryimage","url":"https:\/\/ensure-project.eu\/wp-content\/uploads\/2025\/04\/slide4.jpg","contentUrl":"https:\/\/ensure-project.eu\/wp-content\/uploads\/2025\/04\/slide4.jpg"},{"@type":"BreadcrumbList","@id":"https:\/\/ensure-project.eu\/terms\/#breadcrumb","itemListElement":[{"@type":"ListItem","position":1,"name":"Home","item":"https:\/\/ensure-project.eu\/"},{"@type":"ListItem","position":2,"name":"Terms of Use"}]},{"@type":"WebSite","@id":"https:\/\/ensure-project.eu\/#website","url":"https:\/\/ensure-project.eu\/","name":"Ensure","description":"","potentialAction":[{"@type":"SearchAction","target":{"@type":"EntryPoint","urlTemplate":"https:\/\/ensure-project.eu\/?s={search_term_string}"},"query-input":{"@type":"PropertyValueSpecification","valueRequired":true,"valueName":"search_term_string"}}],"inLanguage":"fr-FR"}]}},"uagb_featured_image_src":{"full":false,"thumbnail":false,"medium":false,"medium_large":false,"large":false,"1536x1536":false,"2048x2048":false,"trp-custom-language-flag":false,"depicter-thumbnail":false},"uagb_author_info":{"display_name":"admin","author_link":"https:\/\/ensure-project.eu\/fr\/author\/ensureadmn\/"},"uagb_comment_info":0,"uagb_excerpt":"Terms of Use Acceptance of Terms By","_links":{"self":[{"href":"https:\/\/ensure-project.eu\/fr\/wp-json\/wp\/v2\/pages\/257","targetHints":{"allow":["GET"]}}],"collection":[{"href":"https:\/\/ensure-project.eu\/fr\/wp-json\/wp\/v2\/pages"}],"about":[{"href":"https:\/\/ensure-project.eu\/fr\/wp-json\/wp\/v2\/types\/page"}],"author":[{"embeddable":true,"href":"https:\/\/ensure-project.eu\/fr\/wp-json\/wp\/v2\/users\/1"}],"replies":[{"embeddable":true,"href":"https:\/\/ensure-project.eu\/fr\/wp-json\/wp\/v2\/comments?post=257"}],"version-history":[{"count":0,"href":"https:\/\/ensure-project.eu\/fr\/wp-json\/wp\/v2\/pages\/257\/revisions"}],"wp:attachment":[{"href":"https:\/\/ensure-project.eu\/fr\/wp-json\/wp\/v2\/media?parent=257"}],"curies":[{"name":"wp","href":"https:\/\/api.w.org\/{rel}","templated":true}]}}