{"id":171,"date":"2025-04-08T16:42:13","date_gmt":"2025-04-08T13:42:13","guid":{"rendered":"https:\/\/ensure-project.eu\/?page_id=171"},"modified":"2025-05-07T15:37:14","modified_gmt":"2025-05-07T12:37:14","slug":"community-of-practice","status":"publish","type":"page","link":"https:\/\/ensure-project.eu\/ro\/community-of-practice\/","title":{"rendered":"Comunitate de practic\u0103"},"content":{"rendered":"<div class=\"wp-block-uagb-container section-img uagb-block-4e28198a alignfull uagb-is-root-container\">\n<figure class=\"wp-block-image size-full\"><img loading=\"lazy\" decoding=\"async\" width=\"2031\" height=\"367\" src=\"https:\/\/ensure-project.eu\/wp-content\/uploads\/2025\/04\/dog-slide.jpg\" alt=\"dog slide\" class=\"wp-image-177\" srcset=\"https:\/\/ensure-project.eu\/wp-content\/uploads\/2025\/04\/dog-slide.jpg 2031w, https:\/\/ensure-project.eu\/wp-content\/uploads\/2025\/04\/dog-slide-650x117.jpg 650w, https:\/\/ensure-project.eu\/wp-content\/uploads\/2025\/04\/dog-slide-1280x231.jpg 1280w, https:\/\/ensure-project.eu\/wp-content\/uploads\/2025\/04\/dog-slide-768x139.jpg 768w, https:\/\/ensure-project.eu\/wp-content\/uploads\/2025\/04\/dog-slide-1536x278.jpg 1536w, https:\/\/ensure-project.eu\/wp-content\/uploads\/2025\/04\/dog-slide-200x36.jpg 200w\" sizes=\"auto, (max-width: 2031px) 100vw, 2031px\" \/><\/figure>\n<\/div>\n\n\n\n<div class=\"wp-block-uagb-container main-page-lightblue uagb-block-da431a8e alignfull uagb-is-root-container\">\n<div class=\"wp-block-columns is-layout-flex wp-container-core-columns-is-layout-9d6595d7 wp-block-columns-is-layout-flex\">\n<div class=\"wp-block-column is-layout-flow wp-block-column-is-layout-flow\" style=\"flex-basis:66.66%\">\n<h2 class=\"wp-block-heading\">Comunitate de practic\u0103<\/h2>\n\n\n\n<p>ENSURE promoveaz\u0103 o comunitate dinamic\u0103 de practici bazat\u0103 pe modelul de inovare Quadruple Helix, care integreaz\u0103 tehnologia, cooperarea, rezilien\u021ba uman\u0103 \u0219i implicarea comunit\u0103\u021bii. Aceast\u0103 comunitate conecteaz\u0103 serviciile de urgen\u021b\u0103, institu\u021biile de formare, furnizorii de tehnologie \u0219i p\u0103r\u021bile interesate relevante de la nivel European. Prin colaborare activ\u0103, schimbul de bune practici \u0219i inovare comun\u0103, comunitatea de practici \u00eembun\u0103t\u0103\u021be\u0219te capacit\u0103\u021bile colective de a r\u0103spunde \u00een mod eficient la provoc\u0103rile \u00een continu\u0103 evolu\u021bie generate de schimb\u0103rile climatice.<\/p>\n<\/div>\n\n\n\n<div class=\"wp-block-column is-layout-flow wp-block-column-is-layout-flow\" style=\"flex-basis:33.33%\">\n<figure class=\"wp-block-image size-large is-style-default\"><img loading=\"lazy\" decoding=\"async\" width=\"1280\" height=\"850\" src=\"https:\/\/ensure-project.eu\/wp-content\/uploads\/2025\/04\/dog-1280x850.jpg\" alt=\"dog\" class=\"wp-image-172\" srcset=\"https:\/\/ensure-project.eu\/wp-content\/uploads\/2025\/04\/dog-1280x850.jpg 1280w, https:\/\/ensure-project.eu\/wp-content\/uploads\/2025\/04\/dog-650x432.jpg 650w, https:\/\/ensure-project.eu\/wp-content\/uploads\/2025\/04\/dog-768x510.jpg 768w, https:\/\/ensure-project.eu\/wp-content\/uploads\/2025\/04\/dog-1536x1021.jpg 1536w, https:\/\/ensure-project.eu\/wp-content\/uploads\/2025\/04\/dog-200x133.jpg 200w, https:\/\/ensure-project.eu\/wp-content\/uploads\/2025\/04\/dog.jpg 1773w\" sizes=\"auto, (max-width: 1280px) 100vw, 1280px\" \/><\/figure>\n<\/div>\n<\/div>\n<\/div>","protected":false},"excerpt":{"rendered":"<p>COMMUNITY OF PRACTICE ENSURE fosters a dynamic<\/p>","protected":false},"author":1,"featured_media":0,"parent":0,"menu_order":0,"comment_status":"closed","ping_status":"closed","template":"page-fluid.php","meta":{"_uag_custom_page_level_css":"","footnotes":""},"class_list":["post-171","page","type-page","status-publish","hentry"],"yoast_head":"<!-- This site is optimized with the Yoast SEO plugin v24.9 - https:\/\/yoast.com\/wordpress\/plugins\/seo\/ -->\n<title>Community of Practice - Ensure<\/title>\n<meta name=\"robots\" content=\"index, follow, max-snippet:-1, max-image-preview:large, max-video-preview:-1\" \/>\n<link rel=\"canonical\" href=\"https:\/\/ensure-project.eu\/ro\/community-of-practice\/\" \/>\n<meta property=\"og:locale\" content=\"ro_RO\" \/>\n<meta property=\"og:type\" content=\"article\" \/>\n<meta property=\"og:title\" content=\"Community of Practice - Ensure\" \/>\n<meta property=\"og:description\" content=\"COMMUNITY OF PRACTICE ENSURE fosters a dynamic\" \/>\n<meta property=\"og:url\" content=\"https:\/\/ensure-project.eu\/ro\/community-of-practice\/\" \/>\n<meta property=\"og:site_name\" content=\"Ensure\" \/>\n<meta property=\"article:modified_time\" content=\"2025-05-07T12:37:14+00:00\" \/>\n<meta property=\"og:image\" content=\"https:\/\/ensure-project.eu\/wp-content\/uploads\/2025\/04\/dog-slide.jpg\" \/>\n\t<meta property=\"og:image:width\" content=\"2031\" \/>\n\t<meta property=\"og:image:height\" content=\"367\" \/>\n\t<meta property=\"og:image:type\" content=\"image\/jpeg\" \/>\n<meta name=\"twitter:card\" content=\"summary_large_image\" \/>\n<meta name=\"twitter:label1\" content=\"Timp estimat pentru citire\" \/>\n\t<meta name=\"twitter:data1\" content=\"1 minut\" \/>\n<script type=\"application\/ld+json\" class=\"yoast-schema-graph\">{\"@context\":\"https:\/\/schema.org\",\"@graph\":[{\"@type\":\"WebPage\",\"@id\":\"https:\/\/ensure-project.eu\/community-of-practice\/\",\"url\":\"https:\/\/ensure-project.eu\/community-of-practice\/\",\"name\":\"Community of Practice - Ensure\",\"isPartOf\":{\"@id\":\"https:\/\/ensure-project.eu\/#website\"},\"primaryImageOfPage\":{\"@id\":\"https:\/\/ensure-project.eu\/community-of-practice\/#primaryimage\"},\"image\":{\"@id\":\"https:\/\/ensure-project.eu\/community-of-practice\/#primaryimage\"},\"thumbnailUrl\":\"https:\/\/ensure-project.eu\/wp-content\/uploads\/2025\/04\/dog-slide.jpg\",\"datePublished\":\"2025-04-08T13:42:13+00:00\",\"dateModified\":\"2025-05-07T12:37:14+00:00\",\"breadcrumb\":{\"@id\":\"https:\/\/ensure-project.eu\/community-of-practice\/#breadcrumb\"},\"inLanguage\":\"ro-RO\",\"potentialAction\":[{\"@type\":\"ReadAction\",\"target\":[\"https:\/\/ensure-project.eu\/community-of-practice\/\"]}]},{\"@type\":\"ImageObject\",\"inLanguage\":\"ro-RO\",\"@id\":\"https:\/\/ensure-project.eu\/community-of-practice\/#primaryimage\",\"url\":\"https:\/\/ensure-project.eu\/wp-content\/uploads\/2025\/04\/dog-slide.jpg\",\"contentUrl\":\"https:\/\/ensure-project.eu\/wp-content\/uploads\/2025\/04\/dog-slide.jpg\"},{\"@type\":\"BreadcrumbList\",\"@id\":\"https:\/\/ensure-project.eu\/community-of-practice\/#breadcrumb\",\"itemListElement\":[{\"@type\":\"ListItem\",\"position\":1,\"name\":\"Home\",\"item\":\"https:\/\/ensure-project.eu\/\"},{\"@type\":\"ListItem\",\"position\":2,\"name\":\"Community of Practice\"}]},{\"@type\":\"WebSite\",\"@id\":\"https:\/\/ensure-project.eu\/#website\",\"url\":\"https:\/\/ensure-project.eu\/\",\"name\":\"Ensure\",\"description\":\"\",\"potentialAction\":[{\"@type\":\"SearchAction\",\"target\":{\"@type\":\"EntryPoint\",\"urlTemplate\":\"https:\/\/ensure-project.eu\/?s={search_term_string}\"},\"query-input\":{\"@type\":\"PropertyValueSpecification\",\"valueRequired\":true,\"valueName\":\"search_term_string\"}}],\"inLanguage\":\"ro-RO\"}]}<\/script>\n<!-- \/ Yoast SEO plugin. -->","yoast_head_json":{"title":"Community of Practice - Ensure","robots":{"index":"index","follow":"follow","max-snippet":"max-snippet:-1","max-image-preview":"max-image-preview:large","max-video-preview":"max-video-preview:-1"},"canonical":"https:\/\/ensure-project.eu\/ro\/community-of-practice\/","og_locale":"ro_RO","og_type":"article","og_title":"Community of Practice - Ensure","og_description":"COMMUNITY OF PRACTICE ENSURE fosters a dynamic","og_url":"https:\/\/ensure-project.eu\/ro\/community-of-practice\/","og_site_name":"Ensure","article_modified_time":"2025-05-07T12:37:14+00:00","og_image":[{"width":2031,"height":367,"url":"https:\/\/ensure-project.eu\/wp-content\/uploads\/2025\/04\/dog-slide.jpg","type":"image\/jpeg"}],"twitter_card":"summary_large_image","twitter_misc":{"Timp estimat pentru citire":"1 minut"},"schema":{"@context":"https:\/\/schema.org","@graph":[{"@type":"WebPage","@id":"https:\/\/ensure-project.eu\/community-of-practice\/","url":"https:\/\/ensure-project.eu\/community-of-practice\/","name":"Community of Practice - Ensure","isPartOf":{"@id":"https:\/\/ensure-project.eu\/#website"},"primaryImageOfPage":{"@id":"https:\/\/ensure-project.eu\/community-of-practice\/#primaryimage"},"image":{"@id":"https:\/\/ensure-project.eu\/community-of-practice\/#primaryimage"},"thumbnailUrl":"https:\/\/ensure-project.eu\/wp-content\/uploads\/2025\/04\/dog-slide.jpg","datePublished":"2025-04-08T13:42:13+00:00","dateModified":"2025-05-07T12:37:14+00:00","breadcrumb":{"@id":"https:\/\/ensure-project.eu\/community-of-practice\/#breadcrumb"},"inLanguage":"ro-RO","potentialAction":[{"@type":"ReadAction","target":["https:\/\/ensure-project.eu\/community-of-practice\/"]}]},{"@type":"ImageObject","inLanguage":"ro-RO","@id":"https:\/\/ensure-project.eu\/community-of-practice\/#primaryimage","url":"https:\/\/ensure-project.eu\/wp-content\/uploads\/2025\/04\/dog-slide.jpg","contentUrl":"https:\/\/ensure-project.eu\/wp-content\/uploads\/2025\/04\/dog-slide.jpg"},{"@type":"BreadcrumbList","@id":"https:\/\/ensure-project.eu\/community-of-practice\/#breadcrumb","itemListElement":[{"@type":"ListItem","position":1,"name":"Home","item":"https:\/\/ensure-project.eu\/"},{"@type":"ListItem","position":2,"name":"Community of Practice"}]},{"@type":"WebSite","@id":"https:\/\/ensure-project.eu\/#website","url":"https:\/\/ensure-project.eu\/","name":"Ensure","description":"","potentialAction":[{"@type":"SearchAction","target":{"@type":"EntryPoint","urlTemplate":"https:\/\/ensure-project.eu\/?s={search_term_string}"},"query-input":{"@type":"PropertyValueSpecification","valueRequired":true,"valueName":"search_term_string"}}],"inLanguage":"ro-RO"}]}},"uagb_featured_image_src":{"full":false,"thumbnail":false,"medium":false,"medium_large":false,"large":false,"1536x1536":false,"2048x2048":false,"trp-custom-language-flag":false,"depicter-thumbnail":false},"uagb_author_info":{"display_name":"admin","author_link":"https:\/\/ensure-project.eu\/ro\/author\/ensureadmn\/"},"uagb_comment_info":0,"uagb_excerpt":"COMMUNITY OF PRACTICE ENSURE fosters a dynamic","_links":{"self":[{"href":"https:\/\/ensure-project.eu\/ro\/wp-json\/wp\/v2\/pages\/171","targetHints":{"allow":["GET"]}}],"collection":[{"href":"https:\/\/ensure-project.eu\/ro\/wp-json\/wp\/v2\/pages"}],"about":[{"href":"https:\/\/ensure-project.eu\/ro\/wp-json\/wp\/v2\/types\/page"}],"author":[{"embeddable":true,"href":"https:\/\/ensure-project.eu\/ro\/wp-json\/wp\/v2\/users\/1"}],"replies":[{"embeddable":true,"href":"https:\/\/ensure-project.eu\/ro\/wp-json\/wp\/v2\/comments?post=171"}],"version-history":[{"count":0,"href":"https:\/\/ensure-project.eu\/ro\/wp-json\/wp\/v2\/pages\/171\/revisions"}],"wp:attachment":[{"href":"https:\/\/ensure-project.eu\/ro\/wp-json\/wp\/v2\/media?parent=171"}],"curies":[{"name":"wp","href":"https:\/\/api.w.org\/{rel}","templated":true}]}}