{"id":3,"date":"2025-04-05T14:54:38","date_gmt":"2025-04-05T14:54:38","guid":{"rendered":"https:\/\/ensure-project.eu\/?page_id=3"},"modified":"2025-05-07T15:42:56","modified_gmt":"2025-05-07T12:42:56","slug":"privacy-policy","status":"publish","type":"page","link":"https:\/\/ensure-project.eu\/ro\/privacy-policy\/","title":{"rendered":"Politica de confiden\u021bialitate"},"content":{"rendered":"<div class=\"wp-block-uagb-container section-img uagb-block-4e28198a alignfull uagb-is-root-container\">\n<figure class=\"wp-block-image size-full\"><img loading=\"lazy\" decoding=\"async\" width=\"2031\" height=\"367\" src=\"https:\/\/ensure-project.eu\/wp-content\/uploads\/2025\/04\/slide4.jpg\" alt=\"slide4\" class=\"wp-image-185\" srcset=\"https:\/\/ensure-project.eu\/wp-content\/uploads\/2025\/04\/slide4.jpg 2031w, https:\/\/ensure-project.eu\/wp-content\/uploads\/2025\/04\/slide4-650x117.jpg 650w, https:\/\/ensure-project.eu\/wp-content\/uploads\/2025\/04\/slide4-1280x231.jpg 1280w, https:\/\/ensure-project.eu\/wp-content\/uploads\/2025\/04\/slide4-768x139.jpg 768w, https:\/\/ensure-project.eu\/wp-content\/uploads\/2025\/04\/slide4-1536x278.jpg 1536w, https:\/\/ensure-project.eu\/wp-content\/uploads\/2025\/04\/slide4-200x36.jpg 200w\" sizes=\"auto, (max-width: 2031px) 100vw, 2031px\" \/><\/figure>\n<\/div>\n\n\n\n<div class=\"wp-block-uagb-container main-page-lightblue uagb-block-da431a8e alignfull uagb-is-root-container\">\n<h2 class=\"wp-block-heading\">Politica de confiden\u021bialitate<\/h2>\n\n\n\n<p class=\"translation-block\"><strong>Introducere<\/strong><br><br>\nConsor\u021biul proiectului ENSURE (\u201eENSURE\u201d, \u201enoi\u201d sau \u201enou\u0103\u201d) ia \u00een serios confiden\u021bialitatea \u0219i protec\u021bia datelor dvs. personale. Prezenta Politic\u0103 de confiden\u021bialitate explic\u0103 modul \u00een care sunt colectate, utilizate \u0219i gestionate informa\u021biile dvs. personale atunci c\u00e2nd vizita\u021bi site-ul nostru web.<br><br>\n\n<strong>Despre ENSURE \u0219i rolul nostru<\/strong><br><br>\nProiectul ENSURE, finan\u021bat de Uniunea European\u0103, are ca scop \u00eembun\u0103t\u0103\u021birea rezilien\u021bei, preg\u0103tirii \u0219i capacit\u0103\u021bilor de inovare ale echipelor de interven\u021bie \u00een situa\u021bii de urgen\u021b\u0103 din \u00eentreaga Europ\u0103 \u00een fa\u021ba dezastrelor legate de schimb\u0103rile climatice. ENSURE ac\u021bioneaz\u0103 \u00een calitate de operator de date pentru informa\u021biile personale furnizate prin intermediul acestui site web.<br><br>\n\n<strong>Date personale colectate<\/strong><br><br>\n<strong>Informa\u021bii de navigare:<\/strong> colectarea automat\u0103 a datelor tehnice necesare pentru a asigura func\u021bionalitatea site-ului web, inclusiv adresele IP \u0219i detaliile dispozitivului\/browserului.<br><br>\n\n<strong>Cookie-uri:<\/strong> numai cookie-urile esen\u021biale sunt utilizate pentru a asigura func\u021bionalitatea site-ului web. Nu se utilizeaz\u0103 cookie-uri analitice sau publicitare f\u0103r\u0103 consim\u021b\u0103m\u00e2ntul explicit.<br><br>\n\n<strong>Informa\u021bii de \u00eenregistrare (dac\u0103 este cazul):<\/strong> numele, adresa de e-mail, afilierea profesional\u0103 \u0219i alte detalii furnizate \u00een mod voluntar.<br><br>\n\n<strong>Scopul colect\u0103rii datelor<\/strong><br><br>\nDatele cu caracter personal sunt prelucrate pentru:<br>\n- A furniza acces la resursele \u0219i materialele proiectului.<br>\n- A comunica actualiz\u0103ri ale proiectului \u0219i \u0219tiri relevante.<br>\n- A asigura securitatea \u0219i a \u00eembun\u0103t\u0103\u021bi func\u021bionalitatea site-ului web.<br><br>\n\n<strong>P\u0103strarea datelor<\/strong><br><br>\nDatele dvs. cu caracter personal vor fi p\u0103strate \u00een siguran\u021b\u0103 pe durata proiectului ENSURE (aproximativ 4 ani) \u0219i vor fi apoi \u0219terse, cu excep\u021bia cazului \u00een care legea prevede altfel.<br><br>\n\n<strong>Destinatarii datelor<\/strong><br><br>\nAccesul la datele cu caracter personal este restric\u021bionat la personalul autorizat al proiectului ENSURE, Uniunea European\u0103 (dac\u0103 este necesar), autorit\u0103\u021bile na\u021bionale \u0219i furnizorii tehnici care gestioneaz\u0103 infrastructura site-ului nostru web.<br><br>\n\n<strong>Transferuri interna\u021bionale<\/strong><br><br>\nDatele cu caracter personal colectate pot fi partajate \u00een cadrul UE \u00eentre partenerii consor\u021biului ENSURE cu sediul \u00een Grecia, Italia, Fran\u021ba, Austria, Spania, Cehia, Rom\u00e2nia, Macedonia de Nord \u0219i Belgia.<br><br>\n\n<strong>Drepturile<\/strong><br><br>\nAve\u021bi dreptul de a solicita accesul, rectificarea, \u0219tergerea, restric\u021bionarea, opozi\u021bia datelor dvs. Pute\u021bi retrage consim\u021b\u0103m\u00e2ntul \u00een orice moment contact\u00e2ndu-ne la <a href=\"mailto:info@ensure-project.eu\">info@ensure-project.eu<\/a>.<br>\nAutoritatea elen\u0103 pentru protec\u021bia datelor: <a href=\"https:\/\/www.dpa.gr\/en\" target=\"_blank\">https:\/\/www.dpa.gr\/en<\/a><br><br>\n\n<strong>Informa\u021bii de contact<\/strong><br><br>\nPentru \u00eentreb\u0103ri privind protec\u021bia datelor:<br>\nCoordonatorul proiectului ENSURE<br>\nUniversitatea din Patras, Grecia<br>\nE-mail: <a href=\"mailto:info@ensure-project.eu\">info@ensure-project.eu<\/a><\/p>\n<\/div>","protected":false},"excerpt":{"rendered":"<p>Privacy Policy Introduction The ENSURE Project Consortium<\/p>","protected":false},"author":1,"featured_media":0,"parent":0,"menu_order":0,"comment_status":"closed","ping_status":"open","template":"page-fluid.php","meta":{"_uag_custom_page_level_css":"","footnotes":""},"class_list":["post-3","page","type-page","status-publish","hentry"],"yoast_head":"<!-- This site is optimized with the Yoast SEO plugin v24.9 - https:\/\/yoast.com\/wordpress\/plugins\/seo\/ -->\n<title>Privacy Policy - Ensure<\/title>\n<meta name=\"robots\" content=\"index, follow, max-snippet:-1, max-image-preview:large, max-video-preview:-1\" \/>\n<link rel=\"canonical\" href=\"https:\/\/ensure-project.eu\/ro\/privacy-policy\/\" \/>\n<meta property=\"og:locale\" content=\"ro_RO\" \/>\n<meta property=\"og:type\" content=\"article\" \/>\n<meta property=\"og:title\" content=\"Privacy Policy - Ensure\" \/>\n<meta property=\"og:description\" content=\"Privacy Policy Introduction The ENSURE Project Consortium\" \/>\n<meta property=\"og:url\" content=\"https:\/\/ensure-project.eu\/ro\/privacy-policy\/\" \/>\n<meta property=\"og:site_name\" content=\"Ensure\" \/>\n<meta property=\"article:modified_time\" content=\"2025-05-07T12:42:56+00:00\" \/>\n<meta property=\"og:image\" content=\"https:\/\/ensure-project.eu\/wp-content\/uploads\/2025\/04\/slide4.jpg\" \/>\n\t<meta property=\"og:image:width\" content=\"2031\" \/>\n\t<meta property=\"og:image:height\" content=\"367\" \/>\n\t<meta property=\"og:image:type\" content=\"image\/jpeg\" \/>\n<meta name=\"twitter:card\" content=\"summary_large_image\" \/>\n<meta name=\"twitter:label1\" content=\"Timp estimat pentru citire\" \/>\n\t<meta name=\"twitter:data1\" content=\"2 minute\" \/>\n<script type=\"application\/ld+json\" class=\"yoast-schema-graph\">{\"@context\":\"https:\/\/schema.org\",\"@graph\":[{\"@type\":\"WebPage\",\"@id\":\"https:\/\/ensure-project.eu\/privacy-policy\/\",\"url\":\"https:\/\/ensure-project.eu\/privacy-policy\/\",\"name\":\"Privacy Policy - Ensure\",\"isPartOf\":{\"@id\":\"https:\/\/ensure-project.eu\/#website\"},\"primaryImageOfPage\":{\"@id\":\"https:\/\/ensure-project.eu\/privacy-policy\/#primaryimage\"},\"image\":{\"@id\":\"https:\/\/ensure-project.eu\/privacy-policy\/#primaryimage\"},\"thumbnailUrl\":\"https:\/\/ensure-project.eu\/wp-content\/uploads\/2025\/04\/slide4.jpg\",\"datePublished\":\"2025-04-05T14:54:38+00:00\",\"dateModified\":\"2025-05-07T12:42:56+00:00\",\"breadcrumb\":{\"@id\":\"https:\/\/ensure-project.eu\/privacy-policy\/#breadcrumb\"},\"inLanguage\":\"ro-RO\",\"potentialAction\":[{\"@type\":\"ReadAction\",\"target\":[\"https:\/\/ensure-project.eu\/privacy-policy\/\"]}]},{\"@type\":\"ImageObject\",\"inLanguage\":\"ro-RO\",\"@id\":\"https:\/\/ensure-project.eu\/privacy-policy\/#primaryimage\",\"url\":\"https:\/\/ensure-project.eu\/wp-content\/uploads\/2025\/04\/slide4.jpg\",\"contentUrl\":\"https:\/\/ensure-project.eu\/wp-content\/uploads\/2025\/04\/slide4.jpg\"},{\"@type\":\"BreadcrumbList\",\"@id\":\"https:\/\/ensure-project.eu\/privacy-policy\/#breadcrumb\",\"itemListElement\":[{\"@type\":\"ListItem\",\"position\":1,\"name\":\"Home\",\"item\":\"https:\/\/ensure-project.eu\/\"},{\"@type\":\"ListItem\",\"position\":2,\"name\":\"Privacy Policy\"}]},{\"@type\":\"WebSite\",\"@id\":\"https:\/\/ensure-project.eu\/#website\",\"url\":\"https:\/\/ensure-project.eu\/\",\"name\":\"Ensure\",\"description\":\"\",\"potentialAction\":[{\"@type\":\"SearchAction\",\"target\":{\"@type\":\"EntryPoint\",\"urlTemplate\":\"https:\/\/ensure-project.eu\/?s={search_term_string}\"},\"query-input\":{\"@type\":\"PropertyValueSpecification\",\"valueRequired\":true,\"valueName\":\"search_term_string\"}}],\"inLanguage\":\"ro-RO\"}]}<\/script>\n<!-- \/ Yoast SEO plugin. -->","yoast_head_json":{"title":"Privacy Policy - Ensure","robots":{"index":"index","follow":"follow","max-snippet":"max-snippet:-1","max-image-preview":"max-image-preview:large","max-video-preview":"max-video-preview:-1"},"canonical":"https:\/\/ensure-project.eu\/ro\/privacy-policy\/","og_locale":"ro_RO","og_type":"article","og_title":"Privacy Policy - Ensure","og_description":"Privacy Policy Introduction The ENSURE Project Consortium","og_url":"https:\/\/ensure-project.eu\/ro\/privacy-policy\/","og_site_name":"Ensure","article_modified_time":"2025-05-07T12:42:56+00:00","og_image":[{"width":2031,"height":367,"url":"https:\/\/ensure-project.eu\/wp-content\/uploads\/2025\/04\/slide4.jpg","type":"image\/jpeg"}],"twitter_card":"summary_large_image","twitter_misc":{"Timp estimat pentru citire":"2 minute"},"schema":{"@context":"https:\/\/schema.org","@graph":[{"@type":"WebPage","@id":"https:\/\/ensure-project.eu\/privacy-policy\/","url":"https:\/\/ensure-project.eu\/privacy-policy\/","name":"Privacy Policy - Ensure","isPartOf":{"@id":"https:\/\/ensure-project.eu\/#website"},"primaryImageOfPage":{"@id":"https:\/\/ensure-project.eu\/privacy-policy\/#primaryimage"},"image":{"@id":"https:\/\/ensure-project.eu\/privacy-policy\/#primaryimage"},"thumbnailUrl":"https:\/\/ensure-project.eu\/wp-content\/uploads\/2025\/04\/slide4.jpg","datePublished":"2025-04-05T14:54:38+00:00","dateModified":"2025-05-07T12:42:56+00:00","breadcrumb":{"@id":"https:\/\/ensure-project.eu\/privacy-policy\/#breadcrumb"},"inLanguage":"ro-RO","potentialAction":[{"@type":"ReadAction","target":["https:\/\/ensure-project.eu\/privacy-policy\/"]}]},{"@type":"ImageObject","inLanguage":"ro-RO","@id":"https:\/\/ensure-project.eu\/privacy-policy\/#primaryimage","url":"https:\/\/ensure-project.eu\/wp-content\/uploads\/2025\/04\/slide4.jpg","contentUrl":"https:\/\/ensure-project.eu\/wp-content\/uploads\/2025\/04\/slide4.jpg"},{"@type":"BreadcrumbList","@id":"https:\/\/ensure-project.eu\/privacy-policy\/#breadcrumb","itemListElement":[{"@type":"ListItem","position":1,"name":"Home","item":"https:\/\/ensure-project.eu\/"},{"@type":"ListItem","position":2,"name":"Privacy Policy"}]},{"@type":"WebSite","@id":"https:\/\/ensure-project.eu\/#website","url":"https:\/\/ensure-project.eu\/","name":"Ensure","description":"","potentialAction":[{"@type":"SearchAction","target":{"@type":"EntryPoint","urlTemplate":"https:\/\/ensure-project.eu\/?s={search_term_string}"},"query-input":{"@type":"PropertyValueSpecification","valueRequired":true,"valueName":"search_term_string"}}],"inLanguage":"ro-RO"}]}},"uagb_featured_image_src":{"full":false,"thumbnail":false,"medium":false,"medium_large":false,"large":false,"1536x1536":false,"2048x2048":false,"trp-custom-language-flag":false,"depicter-thumbnail":false},"uagb_author_info":{"display_name":"admin","author_link":"https:\/\/ensure-project.eu\/ro\/author\/ensureadmn\/"},"uagb_comment_info":0,"uagb_excerpt":"Privacy Policy Introduction The ENSURE Project Consortium","_links":{"self":[{"href":"https:\/\/ensure-project.eu\/ro\/wp-json\/wp\/v2\/pages\/3","targetHints":{"allow":["GET"]}}],"collection":[{"href":"https:\/\/ensure-project.eu\/ro\/wp-json\/wp\/v2\/pages"}],"about":[{"href":"https:\/\/ensure-project.eu\/ro\/wp-json\/wp\/v2\/types\/page"}],"author":[{"embeddable":true,"href":"https:\/\/ensure-project.eu\/ro\/wp-json\/wp\/v2\/users\/1"}],"replies":[{"embeddable":true,"href":"https:\/\/ensure-project.eu\/ro\/wp-json\/wp\/v2\/comments?post=3"}],"version-history":[{"count":0,"href":"https:\/\/ensure-project.eu\/ro\/wp-json\/wp\/v2\/pages\/3\/revisions"}],"wp:attachment":[{"href":"https:\/\/ensure-project.eu\/ro\/wp-json\/wp\/v2\/media?parent=3"}],"curies":[{"name":"wp","href":"https:\/\/api.w.org\/{rel}","templated":true}]}}